{"id":11257,"date":"2023-12-13T14:23:01","date_gmt":"2023-12-13T14:23:01","guid":{"rendered":"https:\/\/berkanewecan.ma\/?page_id=11257"},"modified":"2023-12-14T10:51:44","modified_gmt":"2023-12-14T10:51:44","slug":"be-at-berkane","status":"publish","type":"page","link":"https:\/\/berkanewecan.ma\/ar\/be-at-berkane\/","title":{"rendered":"Be At Berkane"},"content":{"rendered":"<div class=\"em em-view-container\" id=\"em-view-1213616006\" data-view=\"event\">\r\n\t<div class=\"em wgl_themes em-item em-item-single em-event em-event-single em-event-34\" id=\"em-event-1213616006\" data-view-id=\"1213616006\">\r\n\t\t\t<\/div>\r\n<\/div>","protected":false},"excerpt":{"rendered":"<p>\u062f\u062c\u0646\u0628\u0631 13, 2023 &#8211; \u062f\u062c\u0646\u0628\u0631 18, 2023 @ 12:00 \u0635 &#8211; &#8220;Be At Berkane \u00bb est une soci\u00e9t\u00e9 de d\u00e9veloppement local qui prend en charge la gestion des espaces verts, des d\u00e9chets m\u00e9nagers ainsi que les chiens errants. Elle s&#8217;est positionn\u00e9e comme la premi\u00e8re entreprise de d\u00e9veloppement local au Maroc \u00e0 superviser directement ces services. Au fil des ann\u00e9es, la province a connu un d\u00e9veloppement notable [&#8230;]<\/p>","protected":false},"author":6,"featured_media":0,"parent":0,"menu_order":0,"comment_status":"closed","ping_status":"closed","template":"","meta":{"footnotes":""},"class_list":["post-11257","page","type-page","status-publish","hentry"],"_links":{"self":[{"href":"https:\/\/berkanewecan.ma\/ar\/wp-json\/wp\/v2\/pages\/11257","targetHints":{"allow":["GET"]}}],"collection":[{"href":"https:\/\/berkanewecan.ma\/ar\/wp-json\/wp\/v2\/pages"}],"about":[{"href":"https:\/\/berkanewecan.ma\/ar\/wp-json\/wp\/v2\/types\/page"}],"author":[{"embeddable":true,"href":"https:\/\/berkanewecan.ma\/ar\/wp-json\/wp\/v2\/users\/6"}],"replies":[{"embeddable":true,"href":"https:\/\/berkanewecan.ma\/ar\/wp-json\/wp\/v2\/comments?post=11257"}],"version-history":[{"count":0,"href":"https:\/\/berkanewecan.ma\/ar\/wp-json\/wp\/v2\/pages\/11257\/revisions"}],"wp:attachment":[{"href":"https:\/\/berkanewecan.ma\/ar\/wp-json\/wp\/v2\/media?parent=11257"}],"curies":[{"name":"wp","href":"https:\/\/api.w.org\/{rel}","templated":true}]}}