{"id":3585,"date":"2023-06-26T10:42:36","date_gmt":"2023-06-26T10:42:36","guid":{"rendered":"https:\/\/berkanewecan.ma\/?page_id=3585"},"modified":"2023-12-05T10:01:11","modified_gmt":"2023-12-05T10:01:11","slug":"ai-et-biodiversite","status":"publish","type":"page","link":"https:\/\/berkanewecan.ma\/ar\/ai-et-biodiversite\/","title":{"rendered":"IA et Biodiversit\u00e9"},"content":{"rendered":"<div data-elementor-type=\"wp-page\" data-elementor-id=\"3585\" class=\"elementor elementor-3585\">\n\t\t\t\t\t\t\t\t\t<section class=\"elementor-section elementor-top-section elementor-element elementor-element-fa6a1be elementor-section-boxed elementor-section-height-default elementor-section-height-default\" data-id=\"fa6a1be\" data-element_type=\"section\">\n\t\t\t\t\t\t<div class=\"elementor-container elementor-column-gap-default\">\n\t\t\t\t\t<div class=\"elementor-column elementor-col-100 elementor-top-column elementor-element elementor-element-dd7b3a1\" data-id=\"dd7b3a1\" data-element_type=\"column\">\n\t\t\t<div class=\"elementor-widget-wrap elementor-element-populated\">\n\t\t\t\t\t\t\t\t<div class=\"elementor-element elementor-element-ee73aca elementor-widget elementor-widget-heading\" data-id=\"ee73aca\" data-element_type=\"widget\" data-widget_type=\"heading.default\">\n\t\t\t\t<div class=\"elementor-widget-container\">\n\t\t\t<style>\/*! elementor - v3.14.0 - 26-06-2023 *\/\n.elementor-heading-title{padding:0;margin:0;line-height:1}.elementor-widget-heading .elementor-heading-title[class*=elementor-size-]>a{color:inherit;font-size:inherit;line-height:inherit}.elementor-widget-heading .elementor-heading-title.elementor-size-small{font-size:15px}.elementor-widget-heading .elementor-heading-title.elementor-size-medium{font-size:19px}.elementor-widget-heading .elementor-heading-title.elementor-size-large{font-size:29px}.elementor-widget-heading .elementor-heading-title.elementor-size-xl{font-size:39px}.elementor-widget-heading .elementor-heading-title.elementor-size-xxl{font-size:59px}<\/style><h2 class=\"elementor-heading-title elementor-size-default\">IA et Biodiversit\u00e9 : E-Moulouya<\/h2>\t\t<\/div>\n\t\t\t\t<\/div>\n\t\t\t\t\t<\/div>\n\t\t<\/div>\n\t\t\t\t\t\t\t<\/div>\n\t\t<\/section>\n\t\t\t\t<section class=\"elementor-section elementor-top-section elementor-element elementor-element-3c0f2c1 elementor-section-boxed elementor-section-height-default elementor-section-height-default\" data-id=\"3c0f2c1\" data-element_type=\"section\">\n\t\t\t\t\t\t<div class=\"elementor-container elementor-column-gap-default\">\n\t\t\t\t\t<div class=\"elementor-column elementor-col-100 elementor-top-column elementor-element elementor-element-2133569\" data-id=\"2133569\" data-element_type=\"column\">\n\t\t\t<div class=\"elementor-widget-wrap elementor-element-populated\">\n\t\t\t\t\t\t\t\t<div class=\"elementor-element elementor-element-c6b8739 elementor-widget elementor-widget-spacer\" data-id=\"c6b8739\" data-element_type=\"widget\" data-widget_type=\"spacer.default\">\n\t\t\t\t<div class=\"elementor-widget-container\">\n\t\t\t<style>\/*! elementor - v3.14.0 - 26-06-2023 *\/\n.elementor-column .elementor-spacer-inner{height:var(--spacer-size)}.e-con{--container-widget-width:100%}.e-con-inner>.elementor-widget-spacer,.e-con>.elementor-widget-spacer{width:var(--container-widget-width,var(--spacer-size));--align-self:var(--container-widget-align-self,initial);--flex-shrink:0}.e-con-inner>.elementor-widget-spacer>.elementor-widget-container,.e-con-inner>.elementor-widget-spacer>.elementor-widget-container>.elementor-spacer,.e-con>.elementor-widget-spacer>.elementor-widget-container,.e-con>.elementor-widget-spacer>.elementor-widget-container>.elementor-spacer{height:100%}.e-con-inner>.elementor-widget-spacer>.elementor-widget-container>.elementor-spacer>.elementor-spacer-inner,.e-con>.elementor-widget-spacer>.elementor-widget-container>.elementor-spacer>.elementor-spacer-inner{height:var(--container-widget-height,var(--spacer-size))}<\/style>\t\t<div class=\"elementor-spacer\">\n\t\t\t<div class=\"elementor-spacer-inner\"><\/div>\n\t\t<\/div>\n\t\t\t\t<\/div>\n\t\t\t\t<\/div>\n\t\t\t\t<div class=\"elementor-element elementor-element-6d80ad7 elementor-widget elementor-widget-image\" data-id=\"6d80ad7\" data-element_type=\"widget\" data-widget_type=\"image.default\">\n\t\t\t\t<div class=\"elementor-widget-container\">\n\t\t\t<style>\/*! elementor - v3.14.0 - 26-06-2023 *\/\n.elementor-widget-image{text-align:center}.elementor-widget-image a{display:inline-block}.elementor-widget-image a img[src$=\".svg\"]{width:48px}.elementor-widget-image img{vertical-align:middle;display:inline-block}<\/style>\t\t\t\t\t\t\t\t\t\t\t\t<img loading=\"lazy\" decoding=\"async\" width=\"1024\" height=\"576\" src=\"https:\/\/berkanewecan.ma\/wp-content\/uploads\/2023\/06\/WP-images-portail-14-1024x576.png\" class=\"attachment-large size-large wp-image-3808\" alt=\"\" srcset=\"https:\/\/berkanewecan.ma\/wp-content\/uploads\/2023\/06\/WP-images-portail-14-1024x576.png 1024w, https:\/\/berkanewecan.ma\/wp-content\/uploads\/2023\/06\/WP-images-portail-14-300x169.png 300w, https:\/\/berkanewecan.ma\/wp-content\/uploads\/2023\/06\/WP-images-portail-14-768x432.png 768w, https:\/\/berkanewecan.ma\/wp-content\/uploads\/2023\/06\/WP-images-portail-14-1536x864.png 1536w, https:\/\/berkanewecan.ma\/wp-content\/uploads\/2023\/06\/WP-images-portail-14-18x10.png 18w, https:\/\/berkanewecan.ma\/wp-content\/uploads\/2023\/06\/WP-images-portail-14.png 750w\" sizes=\"auto, (max-width: 1024px) 100vw, 1024px\" \/>\t\t\t\t\t\t\t\t\t\t\t\t\t\t\t<\/div>\n\t\t\t\t<\/div>\n\t\t\t\t<div class=\"elementor-element elementor-element-2000e95 elementor-widget elementor-widget-text-editor\" data-id=\"2000e95\" data-element_type=\"widget\" data-widget_type=\"text-editor.default\">\n\t\t\t\t<div class=\"elementor-widget-container\">\n\t\t\t<style>\/*! elementor - v3.14.0 - 26-06-2023 *\/\n.elementor-widget-text-editor.elementor-drop-cap-view-stacked .elementor-drop-cap{background-color:#69727d;color:#fff}.elementor-widget-text-editor.elementor-drop-cap-view-framed .elementor-drop-cap{color:#69727d;border:3px solid;background-color:transparent}.elementor-widget-text-editor:not(.elementor-drop-cap-view-default) .elementor-drop-cap{margin-top:8px}.elementor-widget-text-editor:not(.elementor-drop-cap-view-default) .elementor-drop-cap-letter{width:1em;height:1em}.elementor-widget-text-editor .elementor-drop-cap{float:left;text-align:center;line-height:1;font-size:50px}.elementor-widget-text-editor .elementor-drop-cap-letter{display:inline-block}<\/style>\t\t\t\t<p>La conservation de la biodiversit\u00e9 est une pr\u00e9occupation majeure pour le Territoire de Berkane, qui s&#8217;engage \u00e0 pr\u00e9server les habitats et les esp\u00e8ces naturelles, en particulier dans les zones humides telles que le SIBE-Site d&#8217;Int\u00e9r\u00eat Biologique et Ecologique de la MOULOUYA. Pour atteindre cet objectif, Majal Berkane met en \u0153uvre des initiatives novatrices, combinant les avanc\u00e9es technologiques et la surveillance active des \u00e9cosyst\u00e8mes. <br>Ainsi tire parti des technologies avanc\u00e9es telles que l&#8217;intelligence artificielle et l&#8217;internet des objets (AIoT) pour surveiller les habitats naturels et pr\u00e9venir la d\u00e9forestation. Gr\u00e2ce \u00e0 ces outils, il devient possible de surveiller \u00e0 distance les changements dans les \u00e9cosyst\u00e8mes, d&#8217;identifier les zones \u00e0 risque et de prendre des mesures pr\u00e9ventives rapidement. Cela permet de limiter les perturbations et de pr\u00e9server la diversit\u00e9 biologique des habitats naturels de la r\u00e9gion.<\/p>\t\t\t\t\t\t<\/div>\n\t\t\t\t<\/div>\n\t\t\t\t\t<\/div>\n\t\t<\/div>\n\t\t\t\t\t\t\t<\/div>\n\t\t<\/section>\n\t\t\t\t<section class=\"elementor-section elementor-top-section elementor-element elementor-element-38fd0ab elementor-section-boxed elementor-section-height-default elementor-section-height-default\" data-id=\"38fd0ab\" data-element_type=\"section\">\n\t\t\t\t\t\t<div class=\"elementor-container elementor-column-gap-default\">\n\t\t\t\t\t<div class=\"elementor-column elementor-col-100 elementor-top-column elementor-element elementor-element-00530e4\" data-id=\"00530e4\" data-element_type=\"column\">\n\t\t\t<div class=\"elementor-widget-wrap\">\n\t\t\t\t\t\t\t\t\t<\/div>\n\t\t<\/div>\n\t\t\t\t\t\t\t<\/div>\n\t\t<\/section>\n\t\t\t\t<section class=\"elementor-section elementor-top-section elementor-element elementor-element-f5b9536 elementor-section-boxed elementor-section-height-default elementor-section-height-default\" data-id=\"f5b9536\" data-element_type=\"section\">\n\t\t\t\t\t\t<div class=\"elementor-container elementor-column-gap-default\">\n\t\t\t\t\t<div class=\"elementor-column elementor-col-100 elementor-top-column elementor-element elementor-element-8cf4100\" data-id=\"8cf4100\" data-element_type=\"column\">\n\t\t\t<div class=\"elementor-widget-wrap elementor-element-populated\">\n\t\t\t\t\t\t\t\t<div class=\"elementor-element elementor-element-256a922 elementor-widget elementor-widget-spacer\" data-id=\"256a922\" data-element_type=\"widget\" data-widget_type=\"spacer.default\">\n\t\t\t\t<div class=\"elementor-widget-container\">\n\t\t\t\t\t<div class=\"elementor-spacer\">\n\t\t\t<div class=\"elementor-spacer-inner\"><\/div>\n\t\t<\/div>\n\t\t\t\t<\/div>\n\t\t\t\t<\/div>\n\t\t\t\t<div class=\"elementor-element elementor-element-8905157 elementor-position-right elementor-vertical-align-top elementor-widget elementor-widget-image-box\" data-id=\"8905157\" data-element_type=\"widget\" data-widget_type=\"image-box.default\">\n\t\t\t\t<div class=\"elementor-widget-container\">\n\t\t\t<style>\/*! elementor - v3.14.0 - 26-06-2023 *\/\n.elementor-widget-image-box .elementor-image-box-content{width:100%}@media (min-width:768px){.elementor-widget-image-box.elementor-position-left .elementor-image-box-wrapper,.elementor-widget-image-box.elementor-position-right .elementor-image-box-wrapper{display:flex}.elementor-widget-image-box.elementor-position-right .elementor-image-box-wrapper{text-align:right;flex-direction:row-reverse}.elementor-widget-image-box.elementor-position-left .elementor-image-box-wrapper{text-align:left;flex-direction:row}.elementor-widget-image-box.elementor-position-top .elementor-image-box-img{margin:auto}.elementor-widget-image-box.elementor-vertical-align-top .elementor-image-box-wrapper{align-items:flex-start}.elementor-widget-image-box.elementor-vertical-align-middle .elementor-image-box-wrapper{align-items:center}.elementor-widget-image-box.elementor-vertical-align-bottom .elementor-image-box-wrapper{align-items:flex-end}}@media (max-width:767px){.elementor-widget-image-box .elementor-image-box-img{margin-left:auto!important;margin-right:auto!important;margin-bottom:15px}}.elementor-widget-image-box .elementor-image-box-img{display:inline-block}.elementor-widget-image-box .elementor-image-box-title a{color:inherit}.elementor-widget-image-box .elementor-image-box-wrapper{text-align:center}.elementor-widget-image-box .elementor-image-box-description{margin:0}<\/style><div class=\"elementor-image-box-wrapper\"><figure class=\"elementor-image-box-img\"><img decoding=\"async\" src=\"https:\/\/berkanewecan.ma\/wp-content\/uploads\/elementor\/thumbs\/cap-qd9g32gfuikhnq84vm03rgozesufb3r45um4v6pcl8.webp\" title=\"cap&#038;\" alt=\"cap&amp;\" loading=\"lazy\" \/><\/figure><div class=\"elementor-image-box-content\"><p class=\"elementor-image-box-description\">Dans le cadre de ces initiatives, Majal Berkane met en place un syst\u00e8me bas\u00e9 sur l'intelligence artificielle (IA) pour le monitoring de la vie faunique du SIBE de la MOULOUYA. L'utilisation de l'IA permet d'analyser de grandes quantit\u00e9s de donn\u00e9es collect\u00e9es par les capteurs et les cam\u00e9ras de surveillance, facilitant ainsi l'identification et le suivi des esp\u00e8ces animales pr\u00e9sentes dans la r\u00e9gion. Cette approche permet d'obtenir des informations pr\u00e9cises sur la biodiversit\u00e9 locale, de d\u00e9tecter les variations et de prendre des mesures appropri\u00e9es pour assurer la protection des esp\u00e8ces en danger ou menac\u00e9es.&nbsp;<\/p><\/div><\/div>\t\t<\/div>\n\t\t\t\t<\/div>\n\t\t\t\t\t<\/div>\n\t\t<\/div>\n\t\t\t\t\t\t\t<\/div>\n\t\t<\/section>\n\t\t\t\t<section class=\"elementor-section elementor-top-section elementor-element elementor-element-099c64d elementor-section-boxed elementor-section-height-default elementor-section-height-default\" data-id=\"099c64d\" data-element_type=\"section\">\n\t\t\t\t\t\t<div class=\"elementor-container elementor-column-gap-default\">\n\t\t\t\t\t<div class=\"elementor-column elementor-col-100 elementor-top-column elementor-element elementor-element-f8dc190\" data-id=\"f8dc190\" data-element_type=\"column\">\n\t\t\t<div class=\"elementor-widget-wrap elementor-element-populated\">\n\t\t\t\t\t\t\t\t<div class=\"elementor-element elementor-element-77e353e elementor-widget elementor-widget-spacer\" data-id=\"77e353e\" data-element_type=\"widget\" data-widget_type=\"spacer.default\">\n\t\t\t\t<div class=\"elementor-widget-container\">\n\t\t\t\t\t<div class=\"elementor-spacer\">\n\t\t\t<div class=\"elementor-spacer-inner\"><\/div>\n\t\t<\/div>\n\t\t\t\t<\/div>\n\t\t\t\t<\/div>\n\t\t\t\t<div class=\"elementor-element elementor-element-b0de677 elementor-widget elementor-widget-text-editor\" data-id=\"b0de677\" data-element_type=\"widget\" data-widget_type=\"text-editor.default\">\n\t\t\t\t<div class=\"elementor-widget-container\">\n\t\t\t\t\t\t\t<p><span data-contrast=\"auto\">En int\u00e9grant les technologies de pointe \u00e0 la pr\u00e9servation de la biodiversit\u00e9, Majal Berkane d\u00e9montre son engagement \u00e0 concilier d\u00e9veloppement urbain et respect de l&#8217;environnement. La surveillance active et la pr\u00e9vention de la d\u00e9gradation des habitats naturels contribuent \u00e0 maintenir l&#8217;\u00e9quilibre \u00e9cologique, favorisant ainsi la coexistence harmonieuse entre les activit\u00e9s humaines et la faune locale.<\/span><span data-ccp-props=\"{&quot;134233117&quot;:true,&quot;134233118&quot;:true,&quot;201341983&quot;:0,&quot;335551550&quot;:6,&quot;335551620&quot;:6,&quot;335559740&quot;:240}\">\u00a0<\/span><span data-contrast=\"auto\">Ces initiatives dans le domaine de la biodiversit\u00e9 peuvent \u00e9galement avoir des retomb\u00e9es positives sur le tourisme \u00e9cologique et la sensibilisation environnementale. En pr\u00e9servant les habitats naturels et en prot\u00e9geant les esp\u00e8ces, Le Territoire de Berkane offre aux visiteurs et aux r\u00e9sidents l&#8217;opportunit\u00e9 de d\u00e9couvrir la richesse de la nature locale tout en promouvant une prise de conscience quant \u00e0 l&#8217;importance de la conservation de la biodiversit\u00e9.<\/span><span data-ccp-props=\"{&quot;134233117&quot;:true,&quot;134233118&quot;:true,&quot;201341983&quot;:0,&quot;335551550&quot;:6,&quot;335551620&quot;:6,&quot;335559740&quot;:240}\">\u00a0<\/span><\/p>\t\t\t\t\t\t<\/div>\n\t\t\t\t<\/div>\n\t\t\t\t\t<\/div>\n\t\t<\/div>\n\t\t\t\t\t\t\t<\/div>\n\t\t<\/section>\n\t\t\t\t\t\t\t<\/div>","protected":false},"excerpt":{"rendered":"<p>IA et Biodiversit\u00e9 : E-Moulouya La conservation de la biodiversit\u00e9 est une pr\u00e9occupation majeure pour le Territoire de Berkane, qui s&#8217;engage \u00e0 pr\u00e9server les habitats et les esp\u00e8ces naturelles, en particulier dans les zones humides telles que le SIBE-Site d&#8217;Int\u00e9r\u00eat Biologique et Ecologique de la MOULOUYA. Pour atteindre cet objectif, Majal Berkane met en \u0153uvre [&hellip;]<\/p>","protected":false},"author":6,"featured_media":0,"parent":0,"menu_order":0,"comment_status":"closed","ping_status":"closed","template":"","meta":{"footnotes":""},"class_list":["post-3585","page","type-page","status-publish","hentry"],"_links":{"self":[{"href":"https:\/\/berkanewecan.ma\/ar\/wp-json\/wp\/v2\/pages\/3585","targetHints":{"allow":["GET"]}}],"collection":[{"href":"https:\/\/berkanewecan.ma\/ar\/wp-json\/wp\/v2\/pages"}],"about":[{"href":"https:\/\/berkanewecan.ma\/ar\/wp-json\/wp\/v2\/types\/page"}],"author":[{"embeddable":true,"href":"https:\/\/berkanewecan.ma\/ar\/wp-json\/wp\/v2\/users\/6"}],"replies":[{"embeddable":true,"href":"https:\/\/berkanewecan.ma\/ar\/wp-json\/wp\/v2\/comments?post=3585"}],"version-history":[{"count":0,"href":"https:\/\/berkanewecan.ma\/ar\/wp-json\/wp\/v2\/pages\/3585\/revisions"}],"wp:attachment":[{"href":"https:\/\/berkanewecan.ma\/ar\/wp-json\/wp\/v2\/media?parent=3585"}],"curies":[{"name":"wp","href":"https:\/\/api.w.org\/{rel}","templated":true}]}}