{"id":3588,"date":"2023-06-26T10:45:01","date_gmt":"2023-06-26T10:45:01","guid":{"rendered":"https:\/\/berkanewecan.ma\/?page_id=3588"},"modified":"2023-06-26T17:57:00","modified_gmt":"2023-06-26T17:57:00","slug":"smart-territory-monitoring-center","status":"publish","type":"page","link":"https:\/\/berkanewecan.ma\/ar\/smart-territory-monitoring-center\/","title":{"rendered":"Smart Territory Monitoring Center"},"content":{"rendered":"<div data-elementor-type=\"wp-page\" data-elementor-id=\"3588\" class=\"elementor elementor-3588\">\n\t\t\t\t\t\t\t\t\t<section class=\"elementor-section elementor-top-section elementor-element elementor-element-0dd5174 elementor-section-boxed elementor-section-height-default elementor-section-height-default\" data-id=\"0dd5174\" data-element_type=\"section\">\n\t\t\t\t\t\t<div class=\"elementor-container elementor-column-gap-default\">\n\t\t\t\t\t<div class=\"elementor-column elementor-col-100 elementor-top-column elementor-element elementor-element-1ccffeb\" data-id=\"1ccffeb\" data-element_type=\"column\">\n\t\t\t<div class=\"elementor-widget-wrap elementor-element-populated\">\n\t\t\t\t\t\t\t\t<div class=\"elementor-element elementor-element-f712e95 elementor-widget elementor-widget-heading\" data-id=\"f712e95\" data-element_type=\"widget\" data-widget_type=\"heading.default\">\n\t\t\t\t<div class=\"elementor-widget-container\">\n\t\t\t<style>\/*! elementor - v3.14.0 - 26-06-2023 *\/\n.elementor-heading-title{padding:0;margin:0;line-height:1}.elementor-widget-heading .elementor-heading-title[class*=elementor-size-]>a{color:inherit;font-size:inherit;line-height:inherit}.elementor-widget-heading .elementor-heading-title.elementor-size-small{font-size:15px}.elementor-widget-heading .elementor-heading-title.elementor-size-medium{font-size:19px}.elementor-widget-heading .elementor-heading-title.elementor-size-large{font-size:29px}.elementor-widget-heading .elementor-heading-title.elementor-size-xl{font-size:39px}.elementor-widget-heading .elementor-heading-title.elementor-size-xxl{font-size:59px}<\/style><h2 class=\"elementor-heading-title elementor-size-default\">Smart Territory Monitoring Center<\/h2>\t\t<\/div>\n\t\t\t\t<\/div>\n\t\t\t\t<div class=\"elementor-element elementor-element-4f57e31 elementor-widget elementor-widget-spacer\" data-id=\"4f57e31\" data-element_type=\"widget\" data-widget_type=\"spacer.default\">\n\t\t\t\t<div class=\"elementor-widget-container\">\n\t\t\t<style>\/*! elementor - v3.14.0 - 26-06-2023 *\/\n.elementor-column .elementor-spacer-inner{height:var(--spacer-size)}.e-con{--container-widget-width:100%}.e-con-inner>.elementor-widget-spacer,.e-con>.elementor-widget-spacer{width:var(--container-widget-width,var(--spacer-size));--align-self:var(--container-widget-align-self,initial);--flex-shrink:0}.e-con-inner>.elementor-widget-spacer>.elementor-widget-container,.e-con-inner>.elementor-widget-spacer>.elementor-widget-container>.elementor-spacer,.e-con>.elementor-widget-spacer>.elementor-widget-container,.e-con>.elementor-widget-spacer>.elementor-widget-container>.elementor-spacer{height:100%}.e-con-inner>.elementor-widget-spacer>.elementor-widget-container>.elementor-spacer>.elementor-spacer-inner,.e-con>.elementor-widget-spacer>.elementor-widget-container>.elementor-spacer>.elementor-spacer-inner{height:var(--container-widget-height,var(--spacer-size))}<\/style>\t\t<div class=\"elementor-spacer\">\n\t\t\t<div class=\"elementor-spacer-inner\"><\/div>\n\t\t<\/div>\n\t\t\t\t<\/div>\n\t\t\t\t<\/div>\n\t\t\t\t\t<\/div>\n\t\t<\/div>\n\t\t\t\t\t\t\t<\/div>\n\t\t<\/section>\n\t\t\t\t<section class=\"elementor-section elementor-top-section elementor-element elementor-element-a24e85e elementor-section-boxed elementor-section-height-default elementor-section-height-default\" data-id=\"a24e85e\" data-element_type=\"section\">\n\t\t\t\t\t\t<div class=\"elementor-container elementor-column-gap-default\">\n\t\t\t\t\t<div class=\"elementor-column elementor-col-100 elementor-top-column elementor-element elementor-element-3f09f7d\" data-id=\"3f09f7d\" data-element_type=\"column\">\n\t\t\t<div class=\"elementor-widget-wrap elementor-element-populated\">\n\t\t\t\t\t\t\t\t<div class=\"elementor-element elementor-element-830011e elementor-widget__width-initial elementor-widget elementor-widget-text-editor\" data-id=\"830011e\" data-element_type=\"widget\" data-widget_type=\"text-editor.default\">\n\t\t\t\t<div class=\"elementor-widget-container\">\n\t\t\t<style>\/*! elementor - v3.14.0 - 26-06-2023 *\/\n.elementor-widget-text-editor.elementor-drop-cap-view-stacked .elementor-drop-cap{background-color:#69727d;color:#fff}.elementor-widget-text-editor.elementor-drop-cap-view-framed .elementor-drop-cap{color:#69727d;border:3px solid;background-color:transparent}.elementor-widget-text-editor:not(.elementor-drop-cap-view-default) .elementor-drop-cap{margin-top:8px}.elementor-widget-text-editor:not(.elementor-drop-cap-view-default) .elementor-drop-cap-letter{width:1em;height:1em}.elementor-widget-text-editor .elementor-drop-cap{float:left;text-align:center;line-height:1;font-size:50px}.elementor-widget-text-editor .elementor-drop-cap-letter{display:inline-block}<\/style>\t\t\t\t<p>Berkane ambitionne de mettre en place un centre d\u2019excellence qui repose sur une infrastructure centralis\u00e9e et technologiquement avanc\u00e9e con\u00e7u pour surveiller et g\u00e9rer les diff\u00e9rentes composantes du territoire. Il s&#8217;agit d&#8217;un centre de contr\u00f4le et de commandement qui rassemble des donn\u00e9es en temps r\u00e9el provenant de divers capteurs, syst\u00e8mes de surveillance, r\u00e9seaux de communication et autres sources de donn\u00e9es pertinentes.<\/p>\n<p><span style=\"font-size: 16px; color: var( --e-global-color-text );\">Ce centre utilisera l&#8217;intelligence num\u00e9rique en vue d\u2019ancrer une nouvelle gouvernance urbaine ax\u00e9e sur&nbsp;<\/span><span style=\"font-size: 16px; color: var( --e-global-color-text );\">une prise de d\u00e9cision \u00e9clair\u00e9e et une gestion proactive des composantes n\u00e9vralgiques du territoire, \u00e0&nbsp;<\/span><span style=\"font-size: 16px; color: var( --e-global-color-text );\">l&#8217;instar de la mobilit\u00e9 urbaine, de l\u2019infrastructure urbaine, de la s\u00e9curit\u00e9, de l\u2019environnement et bien&nbsp;<\/span><span style=\"font-size: 16px; color: var( --e-global-color-text );\">d\u2019autres.<\/span><\/p>\n<p>La feuille de route technologique de Berkane est un plan dynamique qui sera r\u00e9guli\u00e8rement \u00e9valu\u00e9 et ajust\u00e9 en fonction des progr\u00e8s r\u00e9alis\u00e9s et des nouvelles opportunit\u00e9s technologiques. Cette initiative t\u00e9moigne de l&#8217;engagement de Berkane \u00e0 devenir un exemple de Smart City, o\u00f9 la technologie est utilis\u00e9e pour cr\u00e9er un environnement durable, inclusif et de haute qualit\u00e9 de vie pour ses citoyens.<\/p>\t\t\t\t\t\t<\/div>\n\t\t\t\t<\/div>\n\t\t\t\t<div class=\"elementor-element elementor-element-c5ac880 elementor-widget elementor-widget-spacer\" data-id=\"c5ac880\" data-element_type=\"widget\" data-widget_type=\"spacer.default\">\n\t\t\t\t<div class=\"elementor-widget-container\">\n\t\t\t\t\t<div class=\"elementor-spacer\">\n\t\t\t<div class=\"elementor-spacer-inner\"><\/div>\n\t\t<\/div>\n\t\t\t\t<\/div>\n\t\t\t\t<\/div>\n\t\t\t\t\t<\/div>\n\t\t<\/div>\n\t\t\t\t\t\t\t<\/div>\n\t\t<\/section>\n\t\t\t\t<section class=\"elementor-section elementor-top-section elementor-element elementor-element-6c0e7ea elementor-section-boxed elementor-section-height-default elementor-section-height-default\" data-id=\"6c0e7ea\" data-element_type=\"section\">\n\t\t\t\t\t\t<div class=\"elementor-container elementor-column-gap-default\">\n\t\t\t\t\t<div class=\"elementor-column elementor-col-100 elementor-top-column elementor-element elementor-element-3cd5fd7\" data-id=\"3cd5fd7\" data-element_type=\"column\">\n\t\t\t<div class=\"elementor-widget-wrap\">\n\t\t\t\t\t\t\t\t\t<\/div>\n\t\t<\/div>\n\t\t\t\t\t\t\t<\/div>\n\t\t<\/section>\n\t\t\t\t\t\t\t<\/div>","protected":false},"excerpt":{"rendered":"<p>Smart Territory Monitoring Center Berkane ambitionne de mettre en place un centre d\u2019excellence qui repose sur une infrastructure centralis\u00e9e et technologiquement avanc\u00e9e con\u00e7u pour surveiller et g\u00e9rer les diff\u00e9rentes composantes du territoire. Il s&#8217;agit d&#8217;un centre de contr\u00f4le et de commandement qui rassemble des donn\u00e9es en temps r\u00e9el provenant de divers capteurs, syst\u00e8mes de surveillance, [&hellip;]<\/p>","protected":false},"author":8,"featured_media":0,"parent":0,"menu_order":0,"comment_status":"closed","ping_status":"closed","template":"","meta":{"footnotes":""},"class_list":["post-3588","page","type-page","status-publish","hentry"],"_links":{"self":[{"href":"https:\/\/berkanewecan.ma\/ar\/wp-json\/wp\/v2\/pages\/3588","targetHints":{"allow":["GET"]}}],"collection":[{"href":"https:\/\/berkanewecan.ma\/ar\/wp-json\/wp\/v2\/pages"}],"about":[{"href":"https:\/\/berkanewecan.ma\/ar\/wp-json\/wp\/v2\/types\/page"}],"author":[{"embeddable":true,"href":"https:\/\/berkanewecan.ma\/ar\/wp-json\/wp\/v2\/users\/8"}],"replies":[{"embeddable":true,"href":"https:\/\/berkanewecan.ma\/ar\/wp-json\/wp\/v2\/comments?post=3588"}],"version-history":[{"count":0,"href":"https:\/\/berkanewecan.ma\/ar\/wp-json\/wp\/v2\/pages\/3588\/revisions"}],"wp:attachment":[{"href":"https:\/\/berkanewecan.ma\/ar\/wp-json\/wp\/v2\/media?parent=3588"}],"curies":[{"name":"wp","href":"https:\/\/api.w.org\/{rel}","templated":true}]}}