{"id":3912,"date":"2023-06-27T09:06:48","date_gmt":"2023-06-27T09:06:48","guid":{"rendered":"https:\/\/berkanewecan.ma\/?page_id=3912"},"modified":"2023-11-30T10:41:49","modified_gmt":"2023-11-30T10:41:49","slug":"tourisme","status":"publish","type":"page","link":"https:\/\/berkanewecan.ma\/ar\/tourisme\/","title":{"rendered":"Les Potentialit\u00e9s Touristiques"},"content":{"rendered":"<div class=\"em em-view-container\" id=\"em-view-1074634691\" data-view=\"event\">\r\n\t<div class=\"em wgl_themes em-item em-item-single em-event em-event-single em-event-16\" id=\"em-event-1074634691\" data-view-id=\"1074634691\">\r\n\t\t\t<\/div>\r\n<\/div>","protected":false},"excerpt":{"rendered":"<p>\u0623\u0643\u062a\u0648\u0628\u0631 18, 2023 &#8211; \u0623\u0643\u062a\u0648\u0628\u0631 25, 2023 @ 12:00 \u0635 &#8211; La province de Berkane rec\u00e8le d\u2019importantes potentialit\u00e9s touristiques aussi vari\u00e9es que multiples, elle\u00a0est par\u00e9e d\u2019atouts naturels, culturels et traditionnels qui en font une destination phare pour les visiteurs en qu\u00eate de d\u00e9tente sur les sables dor\u00e9s d\u2019une plage m\u00e9diterran\u00e9enne, pour les fervents des grands espaces d\u00e9sireux de respirer l\u2019air pur de la montagne et d\u2019explorer [&#8230;]<\/p>","protected":false},"author":4,"featured_media":5405,"parent":0,"menu_order":0,"comment_status":"closed","ping_status":"closed","template":"","meta":{"footnotes":""},"class_list":["post-3912","page","type-page","status-publish","has-post-thumbnail","hentry"],"_links":{"self":[{"href":"https:\/\/berkanewecan.ma\/ar\/wp-json\/wp\/v2\/pages\/3912","targetHints":{"allow":["GET"]}}],"collection":[{"href":"https:\/\/berkanewecan.ma\/ar\/wp-json\/wp\/v2\/pages"}],"about":[{"href":"https:\/\/berkanewecan.ma\/ar\/wp-json\/wp\/v2\/types\/page"}],"author":[{"embeddable":true,"href":"https:\/\/berkanewecan.ma\/ar\/wp-json\/wp\/v2\/users\/4"}],"replies":[{"embeddable":true,"href":"https:\/\/berkanewecan.ma\/ar\/wp-json\/wp\/v2\/comments?post=3912"}],"version-history":[{"count":0,"href":"https:\/\/berkanewecan.ma\/ar\/wp-json\/wp\/v2\/pages\/3912\/revisions"}],"wp:featuredmedia":[{"embeddable":true,"href":"https:\/\/berkanewecan.ma\/ar\/wp-json\/wp\/v2\/media\/5405"}],"wp:attachment":[{"href":"https:\/\/berkanewecan.ma\/ar\/wp-json\/wp\/v2\/media?parent=3912"}],"curies":[{"name":"wp","href":"https:\/\/api.w.org\/{rel}","templated":true}]}}