{"id":6598,"date":"2023-07-18T15:48:56","date_gmt":"2023-07-18T15:48:56","guid":{"rendered":"https:\/\/berkanewecan.ma\/?page_id=6598"},"modified":"2023-08-07T12:02:36","modified_gmt":"2023-08-07T12:02:36","slug":"province-de-berkane","status":"publish","type":"page","link":"https:\/\/berkanewecan.ma\/ar\/province-de-berkane\/","title":{"rendered":"Province de Berkane"},"content":{"rendered":"<div data-elementor-type=\"wp-page\" data-elementor-id=\"6598\" class=\"elementor elementor-6598\">\n\t\t\t\t\t\t\t\t\t<section class=\"elementor-section elementor-top-section elementor-element elementor-element-c799a91 elementor-section-boxed elementor-section-height-default elementor-section-height-default\" data-id=\"c799a91\" data-element_type=\"section\">\n\t\t\t\t\t\t<div class=\"elementor-container elementor-column-gap-default\">\n\t\t\t\t\t<div class=\"elementor-column elementor-col-100 elementor-top-column elementor-element elementor-element-f51fba5\" data-id=\"f51fba5\" data-element_type=\"column\">\n\t\t\t<div class=\"elementor-widget-wrap elementor-element-populated\">\n\t\t\t\t\t\t\t\t<section class=\"elementor-section elementor-inner-section elementor-element elementor-element-28e7350 elementor-section-boxed elementor-section-height-default elementor-section-height-default\" data-id=\"28e7350\" data-element_type=\"section\">\n\t\t\t\t\t\t<div class=\"elementor-container elementor-column-gap-default\">\n\t\t\t\t\t<div class=\"elementor-column elementor-col-50 elementor-inner-column elementor-element elementor-element-ec3b39d\" data-id=\"ec3b39d\" data-element_type=\"column\">\n\t\t\t<div class=\"elementor-widget-wrap elementor-element-populated\">\n\t\t\t\t\t\t\t\t<div class=\"elementor-element elementor-element-d7cbf8e elementor-widget elementor-widget-image\" data-id=\"d7cbf8e\" data-element_type=\"widget\" data-widget_type=\"image.default\">\n\t\t\t\t<div class=\"elementor-widget-container\">\n\t\t\t<style>\/*! elementor - v3.14.0 - 26-06-2023 *\/\n.elementor-widget-image{text-align:center}.elementor-widget-image a{display:inline-block}.elementor-widget-image a img[src$=\".svg\"]{width:48px}.elementor-widget-image img{vertical-align:middle;display:inline-block}<\/style>\t\t\t\t\t\t\t\t\t\t\t\t<img loading=\"lazy\" decoding=\"async\" width=\"440\" height=\"440\" src=\"https:\/\/berkanewecan.ma\/wp-content\/uploads\/2023\/07\/berkane-historique-440x440.jpg\" class=\"attachment-thegov-440-440 size-thegov-440-440 wp-image-6602\" alt=\"\" srcset=\"https:\/\/berkanewecan.ma\/wp-content\/uploads\/2023\/07\/berkane-historique-440x440.jpg 440w, https:\/\/berkanewecan.ma\/wp-content\/uploads\/2023\/07\/berkane-historique-150x150.jpg 150w, https:\/\/berkanewecan.ma\/wp-content\/uploads\/2023\/07\/berkane-historique-180x180.jpg 180w, https:\/\/berkanewecan.ma\/wp-content\/uploads\/2023\/07\/berkane-historique-120x120.jpg 120w\" sizes=\"auto, (max-width: 440px) 100vw, 440px\" \/>\t\t\t\t\t\t\t\t\t\t\t\t\t\t\t<\/div>\n\t\t\t\t<\/div>\n\t\t\t\t\t<\/div>\n\t\t<\/div>\n\t\t\t\t<div class=\"elementor-column elementor-col-50 elementor-inner-column elementor-element elementor-element-2790396\" data-id=\"2790396\" data-element_type=\"column\">\n\t\t\t<div class=\"elementor-widget-wrap elementor-element-populated\">\n\t\t\t\t\t\t\t\t<div class=\"elementor-element elementor-element-9348eb8 elementor-widget elementor-widget-text-editor\" data-id=\"9348eb8\" data-element_type=\"widget\" data-widget_type=\"text-editor.default\">\n\t\t\t\t<div class=\"elementor-widget-container\">\n\t\t\t<style>\/*! elementor - v3.14.0 - 26-06-2023 *\/\n.elementor-widget-text-editor.elementor-drop-cap-view-stacked .elementor-drop-cap{background-color:#69727d;color:#fff}.elementor-widget-text-editor.elementor-drop-cap-view-framed .elementor-drop-cap{color:#69727d;border:3px solid;background-color:transparent}.elementor-widget-text-editor:not(.elementor-drop-cap-view-default) .elementor-drop-cap{margin-top:8px}.elementor-widget-text-editor:not(.elementor-drop-cap-view-default) .elementor-drop-cap-letter{width:1em;height:1em}.elementor-widget-text-editor .elementor-drop-cap{float:left;text-align:center;line-height:1;font-size:50px}.elementor-widget-text-editor .elementor-drop-cap-letter{display:inline-block}<\/style>\t\t\t\t<p>\u00a0<\/p><p style=\"text-align: justify;\">La province de Berkane tire son nom de la ville de Berkane, fond\u00e9e au d\u00e9but du 20 si\u00e8cle sur les anciennes ruines d\u2019un village historique, baptis\u00e9e du nom de Sidi Ahmed Aberkane aff\u00e9rent \u00e0 l\u2019\u00e9rudit et saint Sidi Mohammed Ben El Hassan Ben Makhlouf Arrachidi mort en 868 de l\u2019H\u00e9gire.<\/p><p style=\"text-align: justify;\">La population originaire des B\u00e9ni-Znassen englobe un ensemble de groupements ethniques : B\u00e9ni Ourimech, B\u00e9ni Atig, B\u00e9ni Mengouch, B\u00e9ni Khaled et Arabe Triffa.\u00a0<\/p>\t\t\t\t\t\t<\/div>\n\t\t\t\t<\/div>\n\t\t\t\t\t<\/div>\n\t\t<\/div>\n\t\t\t\t\t\t\t<\/div>\n\t\t<\/section>\n\t\t\t\t<div class=\"elementor-element elementor-element-a151d52 elementor-widget elementor-widget-spacer\" data-id=\"a151d52\" data-element_type=\"widget\" data-widget_type=\"spacer.default\">\n\t\t\t\t<div class=\"elementor-widget-container\">\n\t\t\t<style>\/*! elementor - v3.14.0 - 26-06-2023 *\/\n.elementor-column .elementor-spacer-inner{height:var(--spacer-size)}.e-con{--container-widget-width:100%}.e-con-inner>.elementor-widget-spacer,.e-con>.elementor-widget-spacer{width:var(--container-widget-width,var(--spacer-size));--align-self:var(--container-widget-align-self,initial);--flex-shrink:0}.e-con-inner>.elementor-widget-spacer>.elementor-widget-container,.e-con-inner>.elementor-widget-spacer>.elementor-widget-container>.elementor-spacer,.e-con>.elementor-widget-spacer>.elementor-widget-container,.e-con>.elementor-widget-spacer>.elementor-widget-container>.elementor-spacer{height:100%}.e-con-inner>.elementor-widget-spacer>.elementor-widget-container>.elementor-spacer>.elementor-spacer-inner,.e-con>.elementor-widget-spacer>.elementor-widget-container>.elementor-spacer>.elementor-spacer-inner{height:var(--container-widget-height,var(--spacer-size))}<\/style>\t\t<div class=\"elementor-spacer\">\n\t\t\t<div class=\"elementor-spacer-inner\"><\/div>\n\t\t<\/div>\n\t\t\t\t<\/div>\n\t\t\t\t<\/div>\n\t\t\t\t<div class=\"elementor-element elementor-element-9a3878c elementor-widget elementor-widget-text-editor\" data-id=\"9a3878c\" data-element_type=\"widget\" data-widget_type=\"text-editor.default\">\n\t\t\t\t<div class=\"elementor-widget-container\">\n\t\t\t\t\t\t\t<p style=\"text-align: justify;\">La province de Berkane est situ\u00e9e \u00e0 l\u2019extr\u00eame Nord-Est du Royaume et de la r\u00e9gion de l\u2019Oriental. Elle est limit\u00e9e au Nord par la mer m\u00e9diterran\u00e9e, \u00e0 l\u2019Est par la fronti\u00e8re Maroco-Alg\u00e9rienne et la pr\u00e9fecture d\u2019Oujda-Angad, \u00e0 l\u2019Ouest par la province de Nador et au Sud par la province de Taourirt.<\/p>\t\t\t\t\t\t<\/div>\n\t\t\t\t<\/div>\n\t\t\t\t<div class=\"elementor-element elementor-element-a2c34da elementor-widget elementor-widget-image-gallery\" data-id=\"a2c34da\" data-element_type=\"widget\" data-widget_type=\"image-gallery.default\">\n\t\t\t\t<div class=\"elementor-widget-container\">\n\t\t\t<style>\/*! elementor - v3.14.0 - 26-06-2023 *\/\n.elementor-image-gallery .gallery-item{display:inline-block;text-align:center;vertical-align:top;width:100%;max-width:100%;margin:0 auto}.elementor-image-gallery .gallery-item img{margin:0 auto}.elementor-image-gallery .gallery-item .gallery-caption{margin:0}.elementor-image-gallery figure img{display:block}.elementor-image-gallery figure figcaption{width:100%}.gallery-spacing-custom .elementor-image-gallery .gallery-icon{padding:0}@media (min-width:768px){.elementor-image-gallery .gallery-columns-2 .gallery-item{max-width:50%}.elementor-image-gallery .gallery-columns-3 .gallery-item{max-width:33.33%}.elementor-image-gallery .gallery-columns-4 .gallery-item{max-width:25%}.elementor-image-gallery .gallery-columns-5 .gallery-item{max-width:20%}.elementor-image-gallery .gallery-columns-6 .gallery-item{max-width:16.666%}.elementor-image-gallery .gallery-columns-7 .gallery-item{max-width:14.28%}.elementor-image-gallery .gallery-columns-8 .gallery-item{max-width:12.5%}.elementor-image-gallery .gallery-columns-9 .gallery-item{max-width:11.11%}.elementor-image-gallery .gallery-columns-10 .gallery-item{max-width:10%}}@media (min-width:480px) and (max-width:767px){.elementor-image-gallery .gallery.gallery-columns-2 .gallery-item,.elementor-image-gallery .gallery.gallery-columns-3 .gallery-item,.elementor-image-gallery .gallery.gallery-columns-4 .gallery-item,.elementor-image-gallery .gallery.gallery-columns-5 .gallery-item,.elementor-image-gallery .gallery.gallery-columns-6 .gallery-item,.elementor-image-gallery .gallery.gallery-columns-7 .gallery-item,.elementor-image-gallery .gallery.gallery-columns-8 .gallery-item,.elementor-image-gallery .gallery.gallery-columns-9 .gallery-item,.elementor-image-gallery .gallery.gallery-columns-10 .gallery-item{max-width:50%}}@media (max-width:479px){.elementor-image-gallery .gallery.gallery-columns-2 .gallery-item,.elementor-image-gallery .gallery.gallery-columns-3 .gallery-item,.elementor-image-gallery .gallery.gallery-columns-4 .gallery-item,.elementor-image-gallery .gallery.gallery-columns-5 .gallery-item,.elementor-image-gallery .gallery.gallery-columns-6 .gallery-item,.elementor-image-gallery .gallery.gallery-columns-7 .gallery-item,.elementor-image-gallery .gallery.gallery-columns-8 .gallery-item,.elementor-image-gallery .gallery.gallery-columns-9 .gallery-item,.elementor-image-gallery .gallery.gallery-columns-10 .gallery-item{max-width:100%}}<\/style>\t\t<div class=\"elementor-image-gallery\">\n\t\t\t\n\t\t<style type=\"text\/css\">\n\t\t\t#gallery-1 {\n\t\t\t\tmargin: auto;\n\t\t\t}\n\t\t\t#gallery-1 .gallery-item {\n\t\t\t\tfloat: right;\n\t\t\t\tmargin-top: 10px;\n\t\t\t\ttext-align: center;\n\t\t\t\twidth: 100%;\n\t\t\t}\n\t\t\t#gallery-1 img {\n\t\t\t\tborder: 2px solid #cfcfcf;\n\t\t\t}\n\t\t\t#gallery-1 .gallery-caption {\n\t\t\t\tmargin-left: 0;\n\t\t\t}\n\t\t\t\/* see gallery_shortcode() in wp-includes\/media.php *\/\n\t\t<\/style>\n\t\t<div id='gallery-1' class='gallery galleryid-6598 gallery-columns-1 gallery-size-medium_large'><dl class='gallery-item'>\n\t\t\t<dt class='gallery-icon landscape'>\n\t\t\t\t<a data-elementor-open-lightbox=\"yes\" data-elementor-lightbox-slideshow=\"a2c34da\" data-elementor-lightbox-title=\"Province de Berkane\" data-e-action-hash=\"#elementor-action%3Aaction%3Dlightbox%26settings%3DeyJpZCI6ODU2NCwidXJsIjoiaHR0cHM6XC9cL2JlcmthbmV3ZWNhbi5tYVwvd3AtY29udGVudFwvdXBsb2Fkc1wvMjAyM1wvMDdcL1Byb3ZpbmNlLWRlLUJlcmthbmUucG5nIiwic2xpZGVzaG93IjoiYTJjMzRkYSJ9\" href='https:\/\/berkanewecan.ma\/wp-content\/uploads\/2023\/07\/Province-de-Berkane.png'><img loading=\"lazy\" decoding=\"async\" width=\"768\" height=\"527\" src=\"https:\/\/berkanewecan.ma\/wp-content\/uploads\/2023\/07\/Province-de-Berkane-768x527.png\" class=\"attachment-medium_large size-medium_large\" alt=\"\" srcset=\"https:\/\/berkanewecan.ma\/wp-content\/uploads\/2023\/07\/Province-de-Berkane-768x527.png 768w, https:\/\/berkanewecan.ma\/wp-content\/uploads\/2023\/07\/Province-de-Berkane-300x206.png 300w, https:\/\/berkanewecan.ma\/wp-content\/uploads\/2023\/07\/Province-de-Berkane-1024x703.png 1024w, https:\/\/berkanewecan.ma\/wp-content\/uploads\/2023\/07\/Province-de-Berkane-1536x1055.png 1536w, https:\/\/berkanewecan.ma\/wp-content\/uploads\/2023\/07\/Province-de-Berkane-2048x1407.png 2048w, https:\/\/berkanewecan.ma\/wp-content\/uploads\/2023\/07\/Province-de-Berkane-18x12.png 18w, https:\/\/berkanewecan.ma\/wp-content\/uploads\/2023\/07\/Province-de-Berkane.png 750w\" sizes=\"auto, (max-width: 768px) 100vw, 768px\" \/><\/a>\n\t\t\t<\/dt><\/dl><br style=\"clear: both\" \/>\n\t\t<\/div>\n\t\t<\/div>\n\t\t\t\t<\/div>\n\t\t\t\t<\/div>\n\t\t\t\t<div class=\"elementor-element elementor-element-9fac67b elementor-widget elementor-widget-spacer\" data-id=\"9fac67b\" data-element_type=\"widget\" data-widget_type=\"spacer.default\">\n\t\t\t\t<div class=\"elementor-widget-container\">\n\t\t\t\t\t<div class=\"elementor-spacer\">\n\t\t\t<div class=\"elementor-spacer-inner\"><\/div>\n\t\t<\/div>\n\t\t\t\t<\/div>\n\t\t\t\t<\/div>\n\t\t\t\t<div class=\"elementor-element elementor-element-06942ec elementor-widget elementor-widget-text-editor\" data-id=\"06942ec\" data-element_type=\"widget\" data-widget_type=\"text-editor.default\">\n\t\t\t\t<div class=\"elementor-widget-container\">\n\t\t\t\t\t\t\t<p style=\"text-align: justify;\">\u00a0<\/p><p style=\"text-align: justify;\">S\u2019\u00e9tendant sur une superficie totale de 1985 Km2, la province de Berkane qui est constitu\u00e9e de 16 communes repr\u00e9sente 2,2% de la superficie globale de la r\u00e9gion.<\/p><p style=\"text-align: justify;\">Selon les r\u00e9sultats du Recensement G\u00e9n\u00e9ral de la Population et de l\u2019Habitat de 2014, la province compte 289137 habitants, soit 12,5% de l\u2019ensemble de la population de la r\u00e9gion avec une densit\u00e9 de 145,7 hab\/km2.<\/p><p style=\"text-align: justify;\">Le taux d\u2019urbanisation dans la province de Berkane est situ\u00e9 \u00e0 63,2%, ce qui d\u00e9note l\u2019existence d\u2019une pression d\u00e9mographique sur l\u2019espace urbain de la province au d\u00e9triment d\u2019une baisse continue de la population rurale.<\/p><p style=\"text-align: justify;\">La diversification de son environnement naturel, la richesse de son patrimoine culturel ainsi que sa situation g\u00e9ographique privil\u00e9gi\u00e9e octroient \u00e0 la province des atouts et potentialit\u00e9s particuliers au niveau des activit\u00e9s agricoles et touristiques.<\/p><p style=\"text-align: justify;\">Le secteur agricole est consid\u00e9r\u00e9 comme l\u2019un des piliers de l\u2019\u00e9conomie de la province. Aussi, il convient de signaler que Berkane est consid\u00e9r\u00e9e comme \u00e9tant la province la plus riche en mati\u00e8re de sites touristiques dans la r\u00e9gion de l\u2019Oriental. Elle rec\u00e8le d\u2019importantes potentialit\u00e9s touristiques vari\u00e9es : mer, 5 montagnes, grottes, verdure (plantes d\u2019oranger et l\u00e9gumes), sources thermales,\u2026<\/p><p style=\"text-align: justify;\">Son climat doux et cl\u00e9ment permet de d\u00e9velopper des sports p\u00e9destres et aquatiques (randonn\u00e9e, planche \u00e0 voile, jet-ski, bateaux, croisi\u00e8res\u2026).<\/p><p style=\"text-align: justify;\">La province dispose \u00e9galement de la plus grande ressource hydraulique de la r\u00e9gion, c\u2019est l\u2019oued Moulouya. Quant aux deux barrages situ\u00e9s sur cet oued, ils constituent des r\u00e9serves \u00e9normes pour les besoins d\u2019irrigation de l\u2019agriculture, de la consommation domestique d\u2019eau potable et celle des activit\u00e9s \u00e9conomiques diverses.<\/p>\t\t\t\t\t\t<\/div>\n\t\t\t\t<\/div>\n\t\t\t\t<div class=\"elementor-element elementor-element-1a434de elementor-arrows-position-inside elementor-pagination-position-outside elementor-widget elementor-widget-image-carousel\" data-id=\"1a434de\" data-element_type=\"widget\" data-settings=\"{&quot;navigation&quot;:&quot;both&quot;,&quot;autoplay&quot;:&quot;yes&quot;,&quot;pause_on_hover&quot;:&quot;yes&quot;,&quot;pause_on_interaction&quot;:&quot;yes&quot;,&quot;autoplay_speed&quot;:5000,&quot;infinite&quot;:&quot;yes&quot;,&quot;speed&quot;:500}\" data-widget_type=\"image-carousel.default\">\n\t\t\t\t<div class=\"elementor-widget-container\">\n\t\t\t<style>\/*! elementor - v3.14.0 - 26-06-2023 *\/\n.elementor-widget-image-carousel .swiper,.elementor-widget-image-carousel .swiper-container{position:static}.elementor-widget-image-carousel .swiper-container .swiper-slide figure,.elementor-widget-image-carousel .swiper .swiper-slide figure{line-height:inherit}.elementor-widget-image-carousel .swiper-slide{text-align:center}.elementor-image-carousel-wrapper:not(.swiper-container-initialized):not(.swiper-initialized) .swiper-slide{max-width:calc(100% \/ var(--e-image-carousel-slides-to-show, 3))}<\/style>\t\t<div class=\"elementor-image-carousel-wrapper swiper\" dir=\"ltr\">\n\t\t\t<div class=\"elementor-image-carousel swiper-wrapper\" aria-live=\"off\">\n\t\t\t\t\t\t\t\t<div class=\"swiper-slide\" role=\"group\" aria-roledescription=\"slide\" aria-label=\"1 of 6\"><figure class=\"swiper-slide-inner\"><img decoding=\"async\" class=\"swiper-slide-image\" src=\"https:\/\/berkanewecan.ma\/wp-content\/uploads\/2023\/08\/Berkane-2.jpeg\" alt=\"Berkane 2\" \/><\/figure><\/div><div class=\"swiper-slide\" role=\"group\" aria-roledescription=\"slide\" aria-label=\"2 of 6\"><figure class=\"swiper-slide-inner\"><img decoding=\"async\" class=\"swiper-slide-image\" src=\"https:\/\/berkanewecan.ma\/wp-content\/uploads\/2023\/08\/Berkane-1.jpeg\" alt=\"Berkane 1\" \/><\/figure><\/div><div class=\"swiper-slide\" role=\"group\" aria-roledescription=\"slide\" aria-label=\"3 of 6\"><figure class=\"swiper-slide-inner\"><img decoding=\"async\" class=\"swiper-slide-image\" src=\"https:\/\/berkanewecan.ma\/wp-content\/uploads\/2023\/08\/Berkane-3.jpeg\" alt=\"Berkane 3\" \/><\/figure><\/div><div class=\"swiper-slide\" role=\"group\" aria-roledescription=\"slide\" aria-label=\"4 of 6\"><figure class=\"swiper-slide-inner\"><img decoding=\"async\" class=\"swiper-slide-image\" src=\"https:\/\/berkanewecan.ma\/wp-content\/uploads\/2023\/08\/Berkane-4.jpeg\" alt=\"Berkane 4\" \/><\/figure><\/div><div class=\"swiper-slide\" role=\"group\" aria-roledescription=\"slide\" aria-label=\"5 of 6\"><figure class=\"swiper-slide-inner\"><img decoding=\"async\" class=\"swiper-slide-image\" src=\"https:\/\/berkanewecan.ma\/wp-content\/uploads\/2023\/08\/Berkane-5.jpeg\" alt=\"Berkane 5\" \/><\/figure><\/div><div class=\"swiper-slide\" role=\"group\" aria-roledescription=\"slide\" aria-label=\"6 of 6\"><figure class=\"swiper-slide-inner\"><img decoding=\"async\" class=\"swiper-slide-image\" src=\"https:\/\/berkanewecan.ma\/wp-content\/uploads\/2023\/08\/Berkane-6.jpeg\" alt=\"Berkane 6\" \/><\/figure><\/div>\t\t\t<\/div>\n\t\t\t\t\t\t\t\t\t\t\t\t<div class=\"elementor-swiper-button elementor-swiper-button-prev\" role=\"button\" tabindex=\"0\">\n\t\t\t\t\t\t<i aria-hidden=\"true\" class=\"eicon-chevron-left\"><\/i>\t\t\t\t\t<\/div>\n\t\t\t\t\t<div class=\"elementor-swiper-button elementor-swiper-button-next\" role=\"button\" tabindex=\"0\">\n\t\t\t\t\t\t<i aria-hidden=\"true\" class=\"eicon-chevron-right\"><\/i>\t\t\t\t\t<\/div>\n\t\t\t\t\n\t\t\t\t\t\t\t\t\t<div class=\"swiper-pagination\"><\/div>\n\t\t\t\t\t\t\t\t\t<\/div>\n\t\t\t\t<\/div>\n\t\t\t\t<\/div>\n\t\t\t\t\t<\/div>\n\t\t<\/div>\n\t\t\t\t\t\t\t<\/div>\n\t\t<\/section>\n\t\t\t\t\t\t\t<\/div>","protected":false},"excerpt":{"rendered":"<p>\u00a0 La province de Berkane tire son nom de la ville de Berkane, fond\u00e9e au d\u00e9but du 20 si\u00e8cle sur les anciennes ruines d\u2019un village historique, baptis\u00e9e du nom de Sidi Ahmed Aberkane aff\u00e9rent \u00e0 l\u2019\u00e9rudit et saint Sidi Mohammed Ben El Hassan Ben Makhlouf Arrachidi mort en 868 de l\u2019H\u00e9gire. La population originaire des [&hellip;]<\/p>","protected":false},"author":8,"featured_media":0,"parent":0,"menu_order":0,"comment_status":"closed","ping_status":"closed","template":"","meta":{"footnotes":""},"class_list":["post-6598","page","type-page","status-publish","hentry"],"_links":{"self":[{"href":"https:\/\/berkanewecan.ma\/ar\/wp-json\/wp\/v2\/pages\/6598","targetHints":{"allow":["GET"]}}],"collection":[{"href":"https:\/\/berkanewecan.ma\/ar\/wp-json\/wp\/v2\/pages"}],"about":[{"href":"https:\/\/berkanewecan.ma\/ar\/wp-json\/wp\/v2\/types\/page"}],"author":[{"embeddable":true,"href":"https:\/\/berkanewecan.ma\/ar\/wp-json\/wp\/v2\/users\/8"}],"replies":[{"embeddable":true,"href":"https:\/\/berkanewecan.ma\/ar\/wp-json\/wp\/v2\/comments?post=6598"}],"version-history":[{"count":0,"href":"https:\/\/berkanewecan.ma\/ar\/wp-json\/wp\/v2\/pages\/6598\/revisions"}],"wp:attachment":[{"href":"https:\/\/berkanewecan.ma\/ar\/wp-json\/wp\/v2\/media?parent=6598"}],"curies":[{"name":"wp","href":"https:\/\/api.w.org\/{rel}","templated":true}]}}