{"id":11225,"date":"2023-12-13T13:38:41","date_gmt":"2023-12-13T13:38:41","guid":{"rendered":"https:\/\/berkanewecan.ma\/?page_id=11225"},"modified":"2023-12-18T09:28:24","modified_gmt":"2023-12-18T09:28:24","slug":"hayat-berkane","status":"publish","type":"page","link":"https:\/\/berkanewecan.ma\/en\/hayat-berkane\/","title":{"rendered":"Hayat Berkane"},"content":{"rendered":"<div class=\"em em-view-container\" id=\"em-view-1857266140\" data-view=\"event\">\r\n\t<div class=\"em wgl_themes em-item em-item-single em-event em-event-single em-event-32\" id=\"em-event-1857266140\" data-view-id=\"1857266140\">\r\n\t\t\t<\/div>\r\n<\/div>","protected":false},"excerpt":{"rendered":"<p>December 13, 2023 &#8211; December 17, 2023 @ 12:00 am &#8211; &#8220;Hayat Berkane&#8221; est une &nbsp;Soci\u00e9t\u00e9 de D\u00e9veloppement Local d\u00e9di\u00e9e \u00e0 la supervision experte des abattoirs municipaux, tout en coordonnant une multitude de services et d&#8217;installations conform\u00e9ment \u00e0 ses comp\u00e9tences \u00e9tendues. Forte de m\u00e9canismes et de technologies de pointe, elle demeure attach\u00e9e au strict respect des normes internationales en mati\u00e8re de sant\u00e9 et de s\u00e9curit\u00e9, mettant [&#8230;]<\/p>","protected":false},"author":6,"featured_media":0,"parent":0,"menu_order":0,"comment_status":"closed","ping_status":"closed","template":"","meta":{"footnotes":""},"class_list":["post-11225","page","type-page","status-publish","hentry"],"_links":{"self":[{"href":"https:\/\/berkanewecan.ma\/en\/wp-json\/wp\/v2\/pages\/11225","targetHints":{"allow":["GET"]}}],"collection":[{"href":"https:\/\/berkanewecan.ma\/en\/wp-json\/wp\/v2\/pages"}],"about":[{"href":"https:\/\/berkanewecan.ma\/en\/wp-json\/wp\/v2\/types\/page"}],"author":[{"embeddable":true,"href":"https:\/\/berkanewecan.ma\/en\/wp-json\/wp\/v2\/users\/6"}],"replies":[{"embeddable":true,"href":"https:\/\/berkanewecan.ma\/en\/wp-json\/wp\/v2\/comments?post=11225"}],"version-history":[{"count":0,"href":"https:\/\/berkanewecan.ma\/en\/wp-json\/wp\/v2\/pages\/11225\/revisions"}],"wp:attachment":[{"href":"https:\/\/berkanewecan.ma\/en\/wp-json\/wp\/v2\/media?parent=11225"}],"curies":[{"name":"wp","href":"https:\/\/api.w.org\/{rel}","templated":true}]}}