{"id":3573,"date":"2023-06-26T10:39:22","date_gmt":"2023-06-26T10:39:22","guid":{"rendered":"https:\/\/berkanewecan.ma\/?page_id=3573"},"modified":"2023-07-28T11:12:43","modified_gmt":"2023-07-28T11:12:43","slug":"digital-twin-et-planification-urbaine","status":"publish","type":"page","link":"https:\/\/berkanewecan.ma\/en\/digital-twin-et-planification-urbaine\/","title":{"rendered":"Digital Twin and Urban Planning"},"content":{"rendered":"<div data-elementor-type=\"wp-page\" data-elementor-id=\"3573\" class=\"elementor elementor-3573\">\n\t\t\t\t\t\t\t\t\t<section class=\"elementor-section elementor-top-section elementor-element elementor-element-fcac572 elementor-section-boxed elementor-section-height-default elementor-section-height-default\" data-id=\"fcac572\" data-element_type=\"section\">\n\t\t\t\t\t\t<div class=\"elementor-container elementor-column-gap-default\">\n\t\t\t\t\t<div class=\"elementor-column elementor-col-100 elementor-top-column elementor-element elementor-element-851f9bf\" data-id=\"851f9bf\" data-element_type=\"column\">\n\t\t\t<div class=\"elementor-widget-wrap elementor-element-populated\">\n\t\t\t\t\t\t\t\t<div class=\"elementor-element elementor-element-d691ee5 elementor-widget elementor-widget-heading\" data-id=\"d691ee5\" data-element_type=\"widget\" data-widget_type=\"heading.default\">\n\t\t\t\t<div class=\"elementor-widget-container\">\n\t\t\t<style>\/*! elementor - v3.14.0 - 26-06-2023 *\/\n.elementor-heading-title{padding:0;margin:0;line-height:1}.elementor-widget-heading .elementor-heading-title[class*=elementor-size-]>a{color:inherit;font-size:inherit;line-height:inherit}.elementor-widget-heading .elementor-heading-title.elementor-size-small{font-size:15px}.elementor-widget-heading .elementor-heading-title.elementor-size-medium{font-size:19px}.elementor-widget-heading .elementor-heading-title.elementor-size-large{font-size:29px}.elementor-widget-heading .elementor-heading-title.elementor-size-xl{font-size:39px}.elementor-widget-heading .elementor-heading-title.elementor-size-xxl{font-size:59px}<\/style><h2 class=\"elementor-heading-title elementor-size-default\">Digital Twin and Urban Planning\n\n<\/h2>\t\t<\/div>\n\t\t\t\t<\/div>\n\t\t\t\t<div class=\"elementor-element elementor-element-868bcf3 elementor-widget elementor-widget-spacer\" data-id=\"868bcf3\" data-element_type=\"widget\" data-widget_type=\"spacer.default\">\n\t\t\t\t<div class=\"elementor-widget-container\">\n\t\t\t<style>\/*! elementor - v3.14.0 - 26-06-2023 *\/\n.elementor-column .elementor-spacer-inner{height:var(--spacer-size)}.e-con{--container-widget-width:100%}.e-con-inner>.elementor-widget-spacer,.e-con>.elementor-widget-spacer{width:var(--container-widget-width,var(--spacer-size));--align-self:var(--container-widget-align-self,initial);--flex-shrink:0}.e-con-inner>.elementor-widget-spacer>.elementor-widget-container,.e-con-inner>.elementor-widget-spacer>.elementor-widget-container>.elementor-spacer,.e-con>.elementor-widget-spacer>.elementor-widget-container,.e-con>.elementor-widget-spacer>.elementor-widget-container>.elementor-spacer{height:100%}.e-con-inner>.elementor-widget-spacer>.elementor-widget-container>.elementor-spacer>.elementor-spacer-inner,.e-con>.elementor-widget-spacer>.elementor-widget-container>.elementor-spacer>.elementor-spacer-inner{height:var(--container-widget-height,var(--spacer-size))}<\/style>\t\t<div class=\"elementor-spacer\">\n\t\t\t<div class=\"elementor-spacer-inner\"><\/div>\n\t\t<\/div>\n\t\t\t\t<\/div>\n\t\t\t\t<\/div>\n\t\t\t\t\t<\/div>\n\t\t<\/div>\n\t\t\t\t\t\t\t<\/div>\n\t\t<\/section>\n\t\t\t\t<section class=\"elementor-section elementor-top-section elementor-element elementor-element-89efa72 elementor-section-boxed elementor-section-height-default elementor-section-height-default\" data-id=\"89efa72\" data-element_type=\"section\">\n\t\t\t\t\t\t<div class=\"elementor-container elementor-column-gap-default\">\n\t\t\t\t\t<div class=\"elementor-column elementor-col-100 elementor-top-column elementor-element elementor-element-095b507\" data-id=\"095b507\" data-element_type=\"column\">\n\t\t\t<div class=\"elementor-widget-wrap elementor-element-populated\">\n\t\t\t\t\t\t\t\t<div class=\"elementor-element elementor-element-34b168b elementor-widget elementor-widget-text-editor\" data-id=\"34b168b\" data-element_type=\"widget\" data-widget_type=\"text-editor.default\">\n\t\t\t\t<div class=\"elementor-widget-container\">\n\t\t\t<style>\/*! elementor - v3.14.0 - 26-06-2023 *\/\n.elementor-widget-text-editor.elementor-drop-cap-view-stacked .elementor-drop-cap{background-color:#69727d;color:#fff}.elementor-widget-text-editor.elementor-drop-cap-view-framed .elementor-drop-cap{color:#69727d;border:3px solid;background-color:transparent}.elementor-widget-text-editor:not(.elementor-drop-cap-view-default) .elementor-drop-cap{margin-top:8px}.elementor-widget-text-editor:not(.elementor-drop-cap-view-default) .elementor-drop-cap-letter{width:1em;height:1em}.elementor-widget-text-editor .elementor-drop-cap{float:left;text-align:center;line-height:1;font-size:50px}.elementor-widget-text-editor .elementor-drop-cap-letter{display:inline-block}<\/style>\t\t\t\t<p>Berkane Province is at the forefront of innovation in urban planning through the utilization of the Mobile Mapping System (MMS) to create a Digital Twin of its territory. This groundbreaking concept involves creating an accurate digital replica of the real environment using geospatial data collected by the MMS.<\/p>\t\t\t\t\t\t<\/div>\n\t\t\t\t<\/div>\n\t\t\t\t\t<\/div>\n\t\t<\/div>\n\t\t\t\t\t\t\t<\/div>\n\t\t<\/section>\n\t\t\t\t<section class=\"elementor-section elementor-top-section elementor-element elementor-element-9344ecd elementor-section-boxed elementor-section-height-default elementor-section-height-default\" data-id=\"9344ecd\" data-element_type=\"section\">\n\t\t\t\t\t\t<div class=\"elementor-container elementor-column-gap-default\">\n\t\t\t\t\t<div class=\"elementor-column elementor-col-100 elementor-top-column elementor-element elementor-element-3392f66\" data-id=\"3392f66\" data-element_type=\"column\">\n\t\t\t<div class=\"elementor-widget-wrap elementor-element-populated\">\n\t\t\t\t\t\t\t\t<div class=\"elementor-element elementor-element-43f4ea4 elementor-widget elementor-widget-text-editor\" data-id=\"43f4ea4\" data-element_type=\"widget\" data-widget_type=\"text-editor.default\">\n\t\t\t\t<div class=\"elementor-widget-container\">\n\t\t\t\t\t\t\t<p>The MMS allows for the collection of various data, such as images, point clouds, and positional information, which are then used to create the Digital Twin. This detailed virtual representation of Berkane provides a real-time view of the city and its infrastructure. It also enables access to precise information about the physical and geographical characteristics of the territory, as well as any changes that may occur over time.<\/p>\t\t\t\t\t\t<\/div>\n\t\t\t\t<\/div>\n\t\t\t\t\t<\/div>\n\t\t<\/div>\n\t\t\t\t\t\t\t<\/div>\n\t\t<\/section>\n\t\t\t\t<section class=\"elementor-section elementor-top-section elementor-element elementor-element-a5efaf4 elementor-section-boxed elementor-section-height-default elementor-section-height-default\" data-id=\"a5efaf4\" data-element_type=\"section\">\n\t\t\t\t\t\t<div class=\"elementor-container elementor-column-gap-default\">\n\t\t\t\t\t<div class=\"elementor-column elementor-col-100 elementor-top-column elementor-element elementor-element-ab434ab\" data-id=\"ab434ab\" data-element_type=\"column\">\n\t\t\t<div class=\"elementor-widget-wrap elementor-element-populated\">\n\t\t\t\t\t\t\t\t<div class=\"elementor-element elementor-element-48730c6 elementor-widget elementor-widget-text-editor\" data-id=\"48730c6\" data-element_type=\"widget\" data-widget_type=\"text-editor.default\">\n\t\t\t\t<div class=\"elementor-widget-container\">\n\t\t\t\t\t\t\t<p>The creation of a Digital Twin offers numerous beneficial applications for urban planning. City officials can utilize this digital representation to simulate different scenarios and assess potential impacts on the urban environment. For instance, they can evaluate the impact of adding new infrastructures, such as roads or buildings, on traffic, land use, or the natural environment. Additionally, the Digital Twin facilitates the management of urban infrastructures. Real-time data enables officials to obtain precise information about the condition of infrastructures, such as roads, bridges, or water distribution networks. This enables more efficient predictive maintenance by identifying potential issues before they become critical, thus helping to reduce repair costs and extend the lifespan of infrastructures.<\/p>\t\t\t\t\t\t<\/div>\n\t\t\t\t<\/div>\n\t\t\t\t\t<\/div>\n\t\t<\/div>\n\t\t\t\t\t\t\t<\/div>\n\t\t<\/section>\n\t\t\t\t<section class=\"elementor-section elementor-top-section elementor-element elementor-element-dc5711d elementor-section-boxed elementor-section-height-default elementor-section-height-default\" data-id=\"dc5711d\" data-element_type=\"section\">\n\t\t\t\t\t\t<div class=\"elementor-container elementor-column-gap-default\">\n\t\t\t\t\t<div class=\"elementor-column elementor-col-100 elementor-top-column elementor-element elementor-element-90ed1a6\" data-id=\"90ed1a6\" data-element_type=\"column\">\n\t\t\t<div class=\"elementor-widget-wrap elementor-element-populated\">\n\t\t\t\t\t\t\t\t<div class=\"elementor-element elementor-element-a2ddee4 elementor-widget__width-initial elementor-widget elementor-widget-text-editor\" data-id=\"a2ddee4\" data-element_type=\"widget\" data-widget_type=\"text-editor.default\">\n\t\t\t\t<div class=\"elementor-widget-container\">\n\t\t\t\t\t\t\tThe Digital Twin provides the opportunity to conduct scenario simulations to test urban initiatives and evaluate their potential outcomes. For example, it is possible to simulate the effects of a new mobility policy or a specific urban development, in order to make informed decisions and optimize available resources.\t\t\t\t\t\t<\/div>\n\t\t\t\t<\/div>\n\t\t\t\t<div class=\"elementor-element elementor-element-068d8e1 elementor-widget elementor-widget-spacer\" data-id=\"068d8e1\" data-element_type=\"widget\" data-widget_type=\"spacer.default\">\n\t\t\t\t<div class=\"elementor-widget-container\">\n\t\t\t\t\t<div class=\"elementor-spacer\">\n\t\t\t<div class=\"elementor-spacer-inner\"><\/div>\n\t\t<\/div>\n\t\t\t\t<\/div>\n\t\t\t\t<\/div>\n\t\t\t\t\t<\/div>\n\t\t<\/div>\n\t\t\t\t\t\t\t<\/div>\n\t\t<\/section>\n\t\t\t\t<section class=\"elementor-section elementor-top-section elementor-element elementor-element-2db1727 elementor-section-boxed elementor-section-height-default elementor-section-height-default\" data-id=\"2db1727\" data-element_type=\"section\">\n\t\t\t\t\t\t<div class=\"elementor-container elementor-column-gap-default\">\n\t\t\t\t\t<div class=\"elementor-column elementor-col-100 elementor-top-column elementor-element elementor-element-f74fc24\" data-id=\"f74fc24\" data-element_type=\"column\">\n\t\t\t<div class=\"elementor-widget-wrap elementor-element-populated\">\n\t\t\t\t\t\t\t\t<div class=\"elementor-element elementor-element-904658e elementor-widget elementor-widget-text-editor\" data-id=\"904658e\" data-element_type=\"widget\" data-widget_type=\"text-editor.default\">\n\t\t\t\t<div class=\"elementor-widget-container\">\n\t\t\t\t\t\t\tThrough the use of MMS and the creation of a Digital Twin, Berkane is at the forefront of smart urban planning. This approach enables a better understanding of the city, facilitates decision-making based on precise and real-time data, and contributes to the development of more sustainable and effective strategies for urban development. By leveraging the advanced analytical capabilities of the Digital Twin, Berkane can anticipate the future needs of the city, improve residents' quality of life, and create a smarter and more sustainable urban environment.\t\t\t\t\t\t<\/div>\n\t\t\t\t<\/div>\n\t\t\t\t\t<\/div>\n\t\t<\/div>\n\t\t\t\t\t\t\t<\/div>\n\t\t<\/section>\n\t\t\t\t\t\t\t<\/div>","protected":false},"excerpt":{"rendered":"<p>Digital Twin et Planification Urbaine La province de Berkane est \u00e0 la pointe de l&#8217;innovation en mati\u00e8re de planification urbaine gr\u00e2ce \u00e0 l&#8217;utilisation du syst\u00e8me de cartographie mobile (Mobile Mapping System &#8211; MMS) pour cr\u00e9er un Digital Twin de son territoire. Ce concept r\u00e9volutionnaire consiste \u00e0 cr\u00e9er une r\u00e9plique num\u00e9rique pr\u00e9cise de l&#8217;environnement r\u00e9el, en [&hellip;]<\/p>","protected":false},"author":8,"featured_media":0,"parent":0,"menu_order":0,"comment_status":"closed","ping_status":"closed","template":"","meta":{"footnotes":""},"class_list":["post-3573","page","type-page","status-publish","hentry"],"_links":{"self":[{"href":"https:\/\/berkanewecan.ma\/en\/wp-json\/wp\/v2\/pages\/3573","targetHints":{"allow":["GET"]}}],"collection":[{"href":"https:\/\/berkanewecan.ma\/en\/wp-json\/wp\/v2\/pages"}],"about":[{"href":"https:\/\/berkanewecan.ma\/en\/wp-json\/wp\/v2\/types\/page"}],"author":[{"embeddable":true,"href":"https:\/\/berkanewecan.ma\/en\/wp-json\/wp\/v2\/users\/8"}],"replies":[{"embeddable":true,"href":"https:\/\/berkanewecan.ma\/en\/wp-json\/wp\/v2\/comments?post=3573"}],"version-history":[{"count":0,"href":"https:\/\/berkanewecan.ma\/en\/wp-json\/wp\/v2\/pages\/3573\/revisions"}],"wp:attachment":[{"href":"https:\/\/berkanewecan.ma\/en\/wp-json\/wp\/v2\/media?parent=3573"}],"curies":[{"name":"wp","href":"https:\/\/api.w.org\/{rel}","templated":true}]}}