{"id":6250,"date":"2023-07-14T10:37:36","date_gmt":"2023-07-14T10:37:36","guid":{"rendered":"https:\/\/berkanewecan.ma\/?page_id=6250"},"modified":"2024-06-04T10:44:52","modified_gmt":"2024-06-04T10:44:52","slug":"la-sante-dans-la-province-de-berkane","status":"publish","type":"page","link":"https:\/\/berkanewecan.ma\/en\/la-sante-dans-la-province-de-berkane\/","title":{"rendered":"Health in the province of Berkane"},"content":{"rendered":"<div class=\"em em-view-container\" id=\"em-view-1893776273\" data-view=\"event\">\r\n\t<div class=\"em wgl_themes em-item em-item-single em-event em-event-single em-event-12\" id=\"em-event-1893776273\" data-view-id=\"1893776273\">\r\n\t\t\t<\/div>\r\n<\/div>","protected":false},"excerpt":{"rendered":"<p>October 18, 2023 &#8211; October 25, 2023 @ 12:00 am &#8211; Conform\u00e9ment au chantier royal faisant de la sant\u00e9 et de la protection sociale une priorit\u00e9 strat\u00e9gique, ( \u2026.) \u00ab Pour ce faire, il nous faut adopter des politiques d\u2019anticipation et de pr\u00e9vention et mobiliser tous les moyens disponibles afin de prot\u00e9ger la sant\u00e9 et de pr\u00e9server la dignit\u00e9 des citoyens africains. \u00bb ( \u2026.) Extrait [&#8230;]<\/p>","protected":false},"author":8,"featured_media":0,"parent":0,"menu_order":0,"comment_status":"closed","ping_status":"closed","template":"","meta":{"footnotes":""},"class_list":["post-6250","page","type-page","status-publish","hentry"],"_links":{"self":[{"href":"https:\/\/berkanewecan.ma\/en\/wp-json\/wp\/v2\/pages\/6250","targetHints":{"allow":["GET"]}}],"collection":[{"href":"https:\/\/berkanewecan.ma\/en\/wp-json\/wp\/v2\/pages"}],"about":[{"href":"https:\/\/berkanewecan.ma\/en\/wp-json\/wp\/v2\/types\/page"}],"author":[{"embeddable":true,"href":"https:\/\/berkanewecan.ma\/en\/wp-json\/wp\/v2\/users\/8"}],"replies":[{"embeddable":true,"href":"https:\/\/berkanewecan.ma\/en\/wp-json\/wp\/v2\/comments?post=6250"}],"version-history":[{"count":0,"href":"https:\/\/berkanewecan.ma\/en\/wp-json\/wp\/v2\/pages\/6250\/revisions"}],"wp:attachment":[{"href":"https:\/\/berkanewecan.ma\/en\/wp-json\/wp\/v2\/media?parent=6250"}],"curies":[{"name":"wp","href":"https:\/\/api.w.org\/{rel}","templated":true}]}}