{"id":6692,"date":"2023-07-21T10:32:45","date_gmt":"2023-07-21T10:32:45","guid":{"rendered":"https:\/\/berkanewecan.ma\/?page_id=6692"},"modified":"2023-08-07T09:21:37","modified_gmt":"2023-08-07T09:21:37","slug":"lenseignement-dans-la-province-de-berkane-2","status":"publish","type":"page","link":"https:\/\/berkanewecan.ma\/en\/lenseignement-dans-la-province-de-berkane-2\/","title":{"rendered":"Education in the Province of Berkane"},"content":{"rendered":"<div class=\"em em-view-container\" id=\"em-view-511700079\" data-view=\"event\">\r\n\t<div class=\"em wgl_themes em-item em-item-single em-event em-event-single em-event-7\" id=\"em-event-511700079\" data-view-id=\"511700079\">\r\n\t\t\t<\/div>\r\n<\/div>","protected":false},"excerpt":{"rendered":"<p>March 13, 2024 &#8211; March 20, 2024 @ 12:00 am &#8211; L&#8217;enseignement dans la province de Berkane, occupe une place primordiale dans le d\u00e9veloppement de la r\u00e9gion et la formation des g\u00e9n\u00e9rations futures. Un accent particulier est mis sur l&#8217;\u00e9ducation en tant que levier essentiel pour favoriser le progr\u00e8s social et \u00e9conomique.La province de Berkane abrite un syst\u00e8me d&#8217;enseignement complet et diversifi\u00e9, offrant un large \u00e9ventail [&#8230;]<\/p>","protected":false},"author":8,"featured_media":7416,"parent":0,"menu_order":0,"comment_status":"closed","ping_status":"closed","template":"","meta":{"footnotes":""},"class_list":["post-6692","page","type-page","status-publish","has-post-thumbnail","hentry"],"_links":{"self":[{"href":"https:\/\/berkanewecan.ma\/en\/wp-json\/wp\/v2\/pages\/6692","targetHints":{"allow":["GET"]}}],"collection":[{"href":"https:\/\/berkanewecan.ma\/en\/wp-json\/wp\/v2\/pages"}],"about":[{"href":"https:\/\/berkanewecan.ma\/en\/wp-json\/wp\/v2\/types\/page"}],"author":[{"embeddable":true,"href":"https:\/\/berkanewecan.ma\/en\/wp-json\/wp\/v2\/users\/8"}],"replies":[{"embeddable":true,"href":"https:\/\/berkanewecan.ma\/en\/wp-json\/wp\/v2\/comments?post=6692"}],"version-history":[{"count":0,"href":"https:\/\/berkanewecan.ma\/en\/wp-json\/wp\/v2\/pages\/6692\/revisions"}],"wp:featuredmedia":[{"embeddable":true,"href":"https:\/\/berkanewecan.ma\/en\/wp-json\/wp\/v2\/media\/7416"}],"wp:attachment":[{"href":"https:\/\/berkanewecan.ma\/en\/wp-json\/wp\/v2\/media?parent=6692"}],"curies":[{"name":"wp","href":"https:\/\/api.w.org\/{rel}","templated":true}]}}