{"id":11193,"date":"2023-12-13T12:10:18","date_gmt":"2023-12-13T12:10:18","guid":{"rendered":"https:\/\/berkanewecan.ma\/?page_id=11193"},"modified":"2023-12-18T09:02:43","modified_gmt":"2023-12-18T09:02:43","slug":"majal-berkane-2","status":"publish","type":"page","link":"https:\/\/berkanewecan.ma\/fr\/majal-berkane-2\/","title":{"rendered":"Majal Berkane"},"content":{"rendered":"<div class=\"em em-view-container\" id=\"em-view-577239599\" data-view=\"event\">\r\n\t<div class=\"em wgl_themes em-item em-item-single em-event em-event-single em-event-29 \" id=\"em-event-577239599\" data-view-id=\"577239599\">\r\n\t\t\t<\/div>\r\n<\/div>\r\n\t","protected":false},"excerpt":{"rendered":"<p>d\u00e9cembre 13, 2023 &#8211; d\u00e9cembre 15, 2023 @ 12:00 am &#8211; Majal Berkane pour l&#8217;Innovation et l\u2019Intelligence Territoriale est une Start up\u00a0 publique, c\u2019est le fruit \u00a0d&#8217;une strat\u00e9gie commune entre la Direction G\u00e9n\u00e9rale des Collectivit\u00e9s Territoriales et les 16 collectivit\u00e9s composant la Province de Berkane.\u00a0La Soci\u00e9t\u00e9 de D\u00e9veloppement Local, Majal\u00a0 Berkane, est un espace d&#8217;innovation et d&#8217;intelligence territoriale, un bouclier et un support technologique, cr\u00e9\u00e9 pour [&#8230;]<\/p>\n","protected":false},"author":6,"featured_media":11201,"parent":0,"menu_order":0,"comment_status":"closed","ping_status":"closed","template":"","meta":{"rs_blank_template":"","rs_page_bg_color":"","slide_template_v7":"","footnotes":""},"class_list":["post-11193","page","type-page","status-publish","has-post-thumbnail","hentry"],"_links":{"self":[{"href":"https:\/\/berkanewecan.ma\/fr\/wp-json\/wp\/v2\/pages\/11193","targetHints":{"allow":["GET"]}}],"collection":[{"href":"https:\/\/berkanewecan.ma\/fr\/wp-json\/wp\/v2\/pages"}],"about":[{"href":"https:\/\/berkanewecan.ma\/fr\/wp-json\/wp\/v2\/types\/page"}],"author":[{"embeddable":true,"href":"https:\/\/berkanewecan.ma\/fr\/wp-json\/wp\/v2\/users\/6"}],"replies":[{"embeddable":true,"href":"https:\/\/berkanewecan.ma\/fr\/wp-json\/wp\/v2\/comments?post=11193"}],"version-history":[{"count":0,"href":"https:\/\/berkanewecan.ma\/fr\/wp-json\/wp\/v2\/pages\/11193\/revisions"}],"wp:featuredmedia":[{"embeddable":true,"href":"https:\/\/berkanewecan.ma\/fr\/wp-json\/wp\/v2\/media\/11201"}],"wp:attachment":[{"href":"https:\/\/berkanewecan.ma\/fr\/wp-json\/wp\/v2\/media?parent=11193"}],"curies":[{"name":"wp","href":"https:\/\/api.w.org\/{rel}","templated":true}]}}