{"id":11282,"date":"2023-12-13T14:51:34","date_gmt":"2023-12-13T14:51:34","guid":{"rendered":"https:\/\/berkanewecan.ma\/?page_id=11282"},"modified":"2023-12-15T17:27:53","modified_gmt":"2023-12-15T17:27:53","slug":"harakiat-berkane","status":"publish","type":"page","link":"https:\/\/berkanewecan.ma\/fr\/harakiat-berkane\/","title":{"rendered":"Harakiat Berkane"},"content":{"rendered":"<div class=\"em em-view-container\" id=\"em-view-737672863\" data-view=\"event\">\r\n\t<div class=\"em wgl_themes em-item em-item-single em-event em-event-single em-event-36 \" id=\"em-event-737672863\" data-view-id=\"737672863\">\r\n\t\t\t<\/div>\r\n<\/div>\r\n\t","protected":false},"excerpt":{"rendered":"<p>d\u00e9cembre 13, 2023 &#8211; d\u00e9cembre 19, 2023 @ 12:00 am &#8211; &#8220;Harakiat Berkane pour le Transport Urbain&#8221; repr\u00e9sente bien plus qu&#8217;une simple entreprise de transport. Elle incarne l&#8217;engagement social envers la gestion compl\u00e8te des d\u00e9placements urbains et intercommunaux, \u00e9largissant son champ d&#8217;action pour inclure le transport scolaire, la gestion des espaces de stationnement pour v\u00e9hicules et v\u00e9los, ainsi que la mise en \u0153uvre de services d&#8217;ambulances. [&#8230;]<\/p>\n","protected":false},"author":6,"featured_media":11294,"parent":0,"menu_order":0,"comment_status":"closed","ping_status":"closed","template":"","meta":{"footnotes":""},"class_list":["post-11282","page","type-page","status-publish","has-post-thumbnail","hentry"],"_links":{"self":[{"href":"https:\/\/berkanewecan.ma\/fr\/wp-json\/wp\/v2\/pages\/11282","targetHints":{"allow":["GET"]}}],"collection":[{"href":"https:\/\/berkanewecan.ma\/fr\/wp-json\/wp\/v2\/pages"}],"about":[{"href":"https:\/\/berkanewecan.ma\/fr\/wp-json\/wp\/v2\/types\/page"}],"author":[{"embeddable":true,"href":"https:\/\/berkanewecan.ma\/fr\/wp-json\/wp\/v2\/users\/6"}],"replies":[{"embeddable":true,"href":"https:\/\/berkanewecan.ma\/fr\/wp-json\/wp\/v2\/comments?post=11282"}],"version-history":[{"count":0,"href":"https:\/\/berkanewecan.ma\/fr\/wp-json\/wp\/v2\/pages\/11282\/revisions"}],"wp:featuredmedia":[{"embeddable":true,"href":"https:\/\/berkanewecan.ma\/fr\/wp-json\/wp\/v2\/media\/11294"}],"wp:attachment":[{"href":"https:\/\/berkanewecan.ma\/fr\/wp-json\/wp\/v2\/media?parent=11282"}],"curies":[{"name":"wp","href":"https:\/\/api.w.org\/{rel}","templated":true}]}}