{"id":11670,"date":"2024-01-10T10:38:27","date_gmt":"2024-01-10T10:38:27","guid":{"rendered":"https:\/\/berkanewecan.ma\/?page_id=11670"},"modified":"2024-01-18T15:46:46","modified_gmt":"2024-01-18T15:46:46","slug":"associations","status":"publish","type":"page","link":"https:\/\/berkanewecan.ma\/fr\/associations\/","title":{"rendered":"Associations"},"content":{"rendered":"<div class=\"em em-view-container\" id=\"em-view-1208478287\" data-view=\"event\">\r\n\t<div class=\"em wgl_themes em-item em-item-single em-event em-event-single em-event-54 \" id=\"em-event-1208478287\" data-view-id=\"1208478287\">\r\n\t\t\t<\/div>\r\n<\/div>\r\n\t","protected":false},"excerpt":{"rendered":"<p>janvier 10, 2024 &#8211; janvier 13, 2024 @ 12:00 am &#8211; janvier 18, 2024 Association SOBOL Num\u00e9rique \u062c\u0645\u0639\u064a\u0629 &#8221; \u0633\u0628\u0644 &#8221; \u0627\u0644\u0631\u0642\u0645\u064a\u0629 Read More janvier 10, 2024 Association R\u00e9gionale pour le D\u00e9veloppement et la Diffusion de l&#8217;\u00c9ducation\u00a0\u00e0\u00a0Berkane \u0627\u0644\u062c\u0645\u0639\u064a\u0629 \u0627\u0644\u0625\u0642\u0644\u064a\u0645\u064a\u0629 \u0644\u062a\u0637\u0648\u064a\u0631 \u0648\u062a\u0639\u0645\u064a\u0645 \u0627\u0644\u062a\u0639\u0644\u064a\u0645 \u0628\u0628\u0631\u0643\u0627\u0646 Read More janvier 10, 2024 Association Tafoghalt pour la solidarit\u00e9 et le\u00a0d\u00e9veloppement \u062c\u0645\u0639\u064a\u0629 \u062a\u0627\u0641\u0648\u063a\u0627\u0644\u062a \u0644\u0644\u062a\u0636\u0627\u0645\u0646 \u0648\u0627\u0644\u062a\u0646\u0645\u064a\u0629 \u0628\u062a\u0627\u0641\u0648\u063a\u0627\u0644\u062a Read More janvier 10, 2024 Centre [&#8230;]<\/p>\n","protected":false},"author":6,"featured_media":11672,"parent":0,"menu_order":0,"comment_status":"closed","ping_status":"closed","template":"","meta":{"footnotes":""},"class_list":["post-11670","page","type-page","status-publish","has-post-thumbnail","hentry"],"_links":{"self":[{"href":"https:\/\/berkanewecan.ma\/fr\/wp-json\/wp\/v2\/pages\/11670","targetHints":{"allow":["GET"]}}],"collection":[{"href":"https:\/\/berkanewecan.ma\/fr\/wp-json\/wp\/v2\/pages"}],"about":[{"href":"https:\/\/berkanewecan.ma\/fr\/wp-json\/wp\/v2\/types\/page"}],"author":[{"embeddable":true,"href":"https:\/\/berkanewecan.ma\/fr\/wp-json\/wp\/v2\/users\/6"}],"replies":[{"embeddable":true,"href":"https:\/\/berkanewecan.ma\/fr\/wp-json\/wp\/v2\/comments?post=11670"}],"version-history":[{"count":0,"href":"https:\/\/berkanewecan.ma\/fr\/wp-json\/wp\/v2\/pages\/11670\/revisions"}],"wp:featuredmedia":[{"embeddable":true,"href":"https:\/\/berkanewecan.ma\/fr\/wp-json\/wp\/v2\/media\/11672"}],"wp:attachment":[{"href":"https:\/\/berkanewecan.ma\/fr\/wp-json\/wp\/v2\/media?parent=11670"}],"curies":[{"name":"wp","href":"https:\/\/api.w.org\/{rel}","templated":true}]}}