{"id":3573,"date":"2023-06-26T10:39:22","date_gmt":"2023-06-26T10:39:22","guid":{"rendered":"https:\/\/berkanewecan.ma\/?page_id=3573"},"modified":"2023-07-28T11:12:43","modified_gmt":"2023-07-28T11:12:43","slug":"digital-twin-et-planification-urbaine","status":"publish","type":"page","link":"https:\/\/berkanewecan.ma\/fr\/digital-twin-et-planification-urbaine\/","title":{"rendered":"Digital Twin et Planification Urbaine"},"content":{"rendered":"\t\t<div data-elementor-type=\"wp-page\" data-elementor-id=\"3573\" class=\"elementor elementor-3573\">\n\t\t\t\t\t\t\t\t\t<section class=\"elementor-section elementor-top-section elementor-element elementor-element-fcac572 elementor-section-boxed elementor-section-height-default elementor-section-height-default\" data-id=\"fcac572\" data-element_type=\"section\">\n\t\t\t\t\t\t<div class=\"elementor-container elementor-column-gap-default\">\n\t\t\t\t\t<div class=\"elementor-column elementor-col-100 elementor-top-column elementor-element elementor-element-851f9bf\" data-id=\"851f9bf\" data-element_type=\"column\">\n\t\t\t<div class=\"elementor-widget-wrap elementor-element-populated\">\n\t\t\t\t\t\t\t\t<div class=\"elementor-element elementor-element-d691ee5 elementor-widget elementor-widget-heading\" data-id=\"d691ee5\" data-element_type=\"widget\" data-widget_type=\"heading.default\">\n\t\t\t\t<div class=\"elementor-widget-container\">\n\t\t\t<style>\/*! elementor - v3.14.0 - 26-06-2023 *\/\n.elementor-heading-title{padding:0;margin:0;line-height:1}.elementor-widget-heading .elementor-heading-title[class*=elementor-size-]>a{color:inherit;font-size:inherit;line-height:inherit}.elementor-widget-heading .elementor-heading-title.elementor-size-small{font-size:15px}.elementor-widget-heading .elementor-heading-title.elementor-size-medium{font-size:19px}.elementor-widget-heading .elementor-heading-title.elementor-size-large{font-size:29px}.elementor-widget-heading .elementor-heading-title.elementor-size-xl{font-size:39px}.elementor-widget-heading .elementor-heading-title.elementor-size-xxl{font-size:59px}<\/style><h2 class=\"elementor-heading-title elementor-size-default\">Digital Twin et Planification Urbaine\n\n<\/h2>\t\t<\/div>\n\t\t\t\t<\/div>\n\t\t\t\t<div class=\"elementor-element elementor-element-868bcf3 elementor-widget elementor-widget-spacer\" data-id=\"868bcf3\" data-element_type=\"widget\" data-widget_type=\"spacer.default\">\n\t\t\t\t<div class=\"elementor-widget-container\">\n\t\t\t<style>\/*! elementor - v3.14.0 - 26-06-2023 *\/\n.elementor-column .elementor-spacer-inner{height:var(--spacer-size)}.e-con{--container-widget-width:100%}.e-con-inner>.elementor-widget-spacer,.e-con>.elementor-widget-spacer{width:var(--container-widget-width,var(--spacer-size));--align-self:var(--container-widget-align-self,initial);--flex-shrink:0}.e-con-inner>.elementor-widget-spacer>.elementor-widget-container,.e-con-inner>.elementor-widget-spacer>.elementor-widget-container>.elementor-spacer,.e-con>.elementor-widget-spacer>.elementor-widget-container,.e-con>.elementor-widget-spacer>.elementor-widget-container>.elementor-spacer{height:100%}.e-con-inner>.elementor-widget-spacer>.elementor-widget-container>.elementor-spacer>.elementor-spacer-inner,.e-con>.elementor-widget-spacer>.elementor-widget-container>.elementor-spacer>.elementor-spacer-inner{height:var(--container-widget-height,var(--spacer-size))}<\/style>\t\t<div class=\"elementor-spacer\">\n\t\t\t<div class=\"elementor-spacer-inner\"><\/div>\n\t\t<\/div>\n\t\t\t\t<\/div>\n\t\t\t\t<\/div>\n\t\t\t\t\t<\/div>\n\t\t<\/div>\n\t\t\t\t\t\t\t<\/div>\n\t\t<\/section>\n\t\t\t\t<section class=\"elementor-section elementor-top-section elementor-element elementor-element-89efa72 elementor-section-boxed elementor-section-height-default elementor-section-height-default\" data-id=\"89efa72\" data-element_type=\"section\">\n\t\t\t\t\t\t<div class=\"elementor-container elementor-column-gap-default\">\n\t\t\t\t\t<div class=\"elementor-column elementor-col-100 elementor-top-column elementor-element elementor-element-095b507\" data-id=\"095b507\" data-element_type=\"column\">\n\t\t\t<div class=\"elementor-widget-wrap elementor-element-populated\">\n\t\t\t\t\t\t\t\t<div class=\"elementor-element elementor-element-34b168b elementor-widget elementor-widget-text-editor\" data-id=\"34b168b\" data-element_type=\"widget\" data-widget_type=\"text-editor.default\">\n\t\t\t\t<div class=\"elementor-widget-container\">\n\t\t\t<style>\/*! elementor - v3.14.0 - 26-06-2023 *\/\n.elementor-widget-text-editor.elementor-drop-cap-view-stacked .elementor-drop-cap{background-color:#69727d;color:#fff}.elementor-widget-text-editor.elementor-drop-cap-view-framed .elementor-drop-cap{color:#69727d;border:3px solid;background-color:transparent}.elementor-widget-text-editor:not(.elementor-drop-cap-view-default) .elementor-drop-cap{margin-top:8px}.elementor-widget-text-editor:not(.elementor-drop-cap-view-default) .elementor-drop-cap-letter{width:1em;height:1em}.elementor-widget-text-editor .elementor-drop-cap{float:left;text-align:center;line-height:1;font-size:50px}.elementor-widget-text-editor .elementor-drop-cap-letter{display:inline-block}<\/style>\t\t\t\t<p>La province de Berkane est \u00e0 la pointe de l&#8217;innovation en mati\u00e8re de planification urbaine gr\u00e2ce \u00e0 l&#8217;utilisation du syst\u00e8me de cartographie mobile (Mobile Mapping System &#8211; MMS) pour cr\u00e9er un Digital Twin de son territoire. Ce concept r\u00e9volutionnaire consiste \u00e0 cr\u00e9er une r\u00e9plique num\u00e9rique pr\u00e9cise de l&#8217;environnement r\u00e9el, en utilisant les donn\u00e9es g\u00e9ospatiales collect\u00e9es par le MMS<\/p>\t\t\t\t\t\t<\/div>\n\t\t\t\t<\/div>\n\t\t\t\t\t<\/div>\n\t\t<\/div>\n\t\t\t\t\t\t\t<\/div>\n\t\t<\/section>\n\t\t\t\t<section class=\"elementor-section elementor-top-section elementor-element elementor-element-9344ecd elementor-section-boxed elementor-section-height-default elementor-section-height-default\" data-id=\"9344ecd\" data-element_type=\"section\">\n\t\t\t\t\t\t<div class=\"elementor-container elementor-column-gap-default\">\n\t\t\t\t\t<div class=\"elementor-column elementor-col-100 elementor-top-column elementor-element elementor-element-3392f66\" data-id=\"3392f66\" data-element_type=\"column\">\n\t\t\t<div class=\"elementor-widget-wrap elementor-element-populated\">\n\t\t\t\t\t\t\t\t<div class=\"elementor-element elementor-element-43f4ea4 elementor-widget elementor-widget-text-editor\" data-id=\"43f4ea4\" data-element_type=\"widget\" data-widget_type=\"text-editor.default\">\n\t\t\t\t<div class=\"elementor-widget-container\">\n\t\t\t\t\t\t\t<p>Le MMS permet de collecter diverses donn\u00e9es, telles que des images, des nuages de points et des informations de position, qui sont ensuite utilis\u00e9es pour cr\u00e9er le Digital Twin. Cette repr\u00e9sentation virtuelle d\u00e9taill\u00e9e de Berkane offre une vision en temps r\u00e9el de la ville et de ses infrastructures. Elle permet \u00e9galement d&#8217;acc\u00e9der \u00e0 des informations pr\u00e9cises sur les caract\u00e9ristiques physiques et g\u00e9ographiques du territoire, ainsi que sur les changements qui peuvent survenir au fil du temps.<\/p>\t\t\t\t\t\t<\/div>\n\t\t\t\t<\/div>\n\t\t\t\t\t<\/div>\n\t\t<\/div>\n\t\t\t\t\t\t\t<\/div>\n\t\t<\/section>\n\t\t\t\t<section class=\"elementor-section elementor-top-section elementor-element elementor-element-a5efaf4 elementor-section-boxed elementor-section-height-default elementor-section-height-default\" data-id=\"a5efaf4\" data-element_type=\"section\">\n\t\t\t\t\t\t<div class=\"elementor-container elementor-column-gap-default\">\n\t\t\t\t\t<div class=\"elementor-column elementor-col-100 elementor-top-column elementor-element elementor-element-ab434ab\" data-id=\"ab434ab\" data-element_type=\"column\">\n\t\t\t<div class=\"elementor-widget-wrap elementor-element-populated\">\n\t\t\t\t\t\t\t\t<div class=\"elementor-element elementor-element-48730c6 elementor-widget elementor-widget-text-editor\" data-id=\"48730c6\" data-element_type=\"widget\" data-widget_type=\"text-editor.default\">\n\t\t\t\t<div class=\"elementor-widget-container\">\n\t\t\t\t\t\t\t<p>La cr\u00e9ation d&#8217;un Digital Twin offre de nombreuses applications b\u00e9n\u00e9fiques pour la planification urbaine. Les responsables de la ville peuvent utiliser cette repr\u00e9sentation num\u00e9rique pour simuler diff\u00e9rents sc\u00e9narios et \u00e9valuer les impacts potentiels sur l&#8217;environnement urbain. Par exemple, ils peuvent \u00e9valuer l&#8217;impact de l&#8217;ajout de nouvelles infrastructures, comme des routes ou des b\u00e2timents, sur la circulation, l&#8217;occupation des sols ou encore l&#8217;environnement naturel. De plus, le Digital Twin facilite la gestion des infrastructures urbaines. Les donn\u00e9es en temps r\u00e9el permettent aux responsables d&#8217;obtenir des informations pr\u00e9cises sur l&#8217;\u00e9tat des infrastructures, telles que les routes, les ponts ou les r\u00e9seaux de distribution d&#8217;eau. Cela permet une maintenance pr\u00e9dictive plus efficace, en identifiant les probl\u00e8mes potentiels avant qu&#8217;ils ne deviennent critiques, ce qui contribue \u00e0 r\u00e9duire les co\u00fbts de r\u00e9paration et \u00e0 prolonger la dur\u00e9e de vie des infrastructures.<\/p>\t\t\t\t\t\t<\/div>\n\t\t\t\t<\/div>\n\t\t\t\t\t<\/div>\n\t\t<\/div>\n\t\t\t\t\t\t\t<\/div>\n\t\t<\/section>\n\t\t\t\t<section class=\"elementor-section elementor-top-section elementor-element elementor-element-dc5711d elementor-section-boxed elementor-section-height-default elementor-section-height-default\" data-id=\"dc5711d\" data-element_type=\"section\">\n\t\t\t\t\t\t<div class=\"elementor-container elementor-column-gap-default\">\n\t\t\t\t\t<div class=\"elementor-column elementor-col-100 elementor-top-column elementor-element elementor-element-90ed1a6\" data-id=\"90ed1a6\" data-element_type=\"column\">\n\t\t\t<div class=\"elementor-widget-wrap elementor-element-populated\">\n\t\t\t\t\t\t\t\t<div class=\"elementor-element elementor-element-a2ddee4 elementor-widget__width-initial elementor-widget elementor-widget-text-editor\" data-id=\"a2ddee4\" data-element_type=\"widget\" data-widget_type=\"text-editor.default\">\n\t\t\t\t<div class=\"elementor-widget-container\">\n\t\t\t\t\t\t\tLe Digital Twin offre la possibilit\u00e9 de r\u00e9aliser des simulations de sc\u00e9narios pour tester des initiatives urbaines et \u00e9valuer leurs r\u00e9sultats potentiels. Par exemple, il est possible de simuler les effets d&#8217;une nouvelle politique de mobilit\u00e9 ou d&#8217;un am\u00e9nagement urbain sp\u00e9cifique, afin de prendre des d\u00e9cisions \u00e9clair\u00e9es et d&#8217;optimiser les ressources disponibles.\t\t\t\t\t\t<\/div>\n\t\t\t\t<\/div>\n\t\t\t\t<div class=\"elementor-element elementor-element-068d8e1 elementor-widget elementor-widget-spacer\" data-id=\"068d8e1\" data-element_type=\"widget\" data-widget_type=\"spacer.default\">\n\t\t\t\t<div class=\"elementor-widget-container\">\n\t\t\t\t\t<div class=\"elementor-spacer\">\n\t\t\t<div class=\"elementor-spacer-inner\"><\/div>\n\t\t<\/div>\n\t\t\t\t<\/div>\n\t\t\t\t<\/div>\n\t\t\t\t\t<\/div>\n\t\t<\/div>\n\t\t\t\t\t\t\t<\/div>\n\t\t<\/section>\n\t\t\t\t<section class=\"elementor-section elementor-top-section elementor-element elementor-element-2db1727 elementor-section-boxed elementor-section-height-default elementor-section-height-default\" data-id=\"2db1727\" data-element_type=\"section\">\n\t\t\t\t\t\t<div class=\"elementor-container elementor-column-gap-default\">\n\t\t\t\t\t<div class=\"elementor-column elementor-col-100 elementor-top-column elementor-element elementor-element-f74fc24\" data-id=\"f74fc24\" data-element_type=\"column\">\n\t\t\t<div class=\"elementor-widget-wrap elementor-element-populated\">\n\t\t\t\t\t\t\t\t<div class=\"elementor-element elementor-element-904658e elementor-widget elementor-widget-text-editor\" data-id=\"904658e\" data-element_type=\"widget\" data-widget_type=\"text-editor.default\">\n\t\t\t\t<div class=\"elementor-widget-container\">\n\t\t\t\t\t\t\tGr\u00e2ce \u00e0 l&#8217;utilisation du MMS et \u00e0 la cr\u00e9ation d&#8217;un Digital Twin, Berkane se positionne \u00e0 la pointe de la planification urbaine intelligente. Cette approche permet une meilleure compr\u00e9hension de la ville, facilite la prise de d\u00e9cisions bas\u00e9es sur des donn\u00e9es pr\u00e9cises et en temps r\u00e9el, et contribue \u00e0 l&#8217;\u00e9laboration de strat\u00e9gies plus durables et plus efficaces pour le d\u00e9veloppement urbain. En exploitant les capacit\u00e9s d&#8217;analyse avanc\u00e9es du Digital Twin, Berkane peut anticiper les besoins futurs de la ville, am\u00e9liorer la qualit\u00e9 de vie des r\u00e9sidents et cr\u00e9er un environnement urbain plus intelligent et plus durable.\t\t\t\t\t\t<\/div>\n\t\t\t\t<\/div>\n\t\t\t\t\t<\/div>\n\t\t<\/div>\n\t\t\t\t\t\t\t<\/div>\n\t\t<\/section>\n\t\t\t\t\t\t\t<\/div>\n\t\t","protected":false},"excerpt":{"rendered":"<p>Digital Twin et Planification Urbaine La province de Berkane est \u00e0 la pointe de l&#8217;innovation en mati\u00e8re de planification urbaine gr\u00e2ce \u00e0 l&#8217;utilisation du syst\u00e8me de cartographie mobile (Mobile Mapping System &#8211; MMS) pour cr\u00e9er un Digital Twin de son territoire. Ce concept r\u00e9volutionnaire consiste \u00e0 cr\u00e9er une r\u00e9plique num\u00e9rique pr\u00e9cise de l&#8217;environnement r\u00e9el, en [&hellip;]<\/p>\n","protected":false},"author":8,"featured_media":0,"parent":0,"menu_order":0,"comment_status":"closed","ping_status":"closed","template":"","meta":{"footnotes":""},"class_list":["post-3573","page","type-page","status-publish","hentry"],"_links":{"self":[{"href":"https:\/\/berkanewecan.ma\/fr\/wp-json\/wp\/v2\/pages\/3573","targetHints":{"allow":["GET"]}}],"collection":[{"href":"https:\/\/berkanewecan.ma\/fr\/wp-json\/wp\/v2\/pages"}],"about":[{"href":"https:\/\/berkanewecan.ma\/fr\/wp-json\/wp\/v2\/types\/page"}],"author":[{"embeddable":true,"href":"https:\/\/berkanewecan.ma\/fr\/wp-json\/wp\/v2\/users\/8"}],"replies":[{"embeddable":true,"href":"https:\/\/berkanewecan.ma\/fr\/wp-json\/wp\/v2\/comments?post=3573"}],"version-history":[{"count":0,"href":"https:\/\/berkanewecan.ma\/fr\/wp-json\/wp\/v2\/pages\/3573\/revisions"}],"wp:attachment":[{"href":"https:\/\/berkanewecan.ma\/fr\/wp-json\/wp\/v2\/media?parent=3573"}],"curies":[{"name":"wp","href":"https:\/\/api.w.org\/{rel}","templated":true}]}}