{"id":3576,"date":"2023-06-26T10:40:14","date_gmt":"2023-06-26T10:40:14","guid":{"rendered":"https:\/\/berkanewecan.ma\/?page_id=3576"},"modified":"2023-12-05T08:07:40","modified_gmt":"2023-12-05T08:07:40","slug":"collecte-intelligente-des-dechets","status":"publish","type":"page","link":"https:\/\/berkanewecan.ma\/fr\/collecte-intelligente-des-dechets\/","title":{"rendered":"Collecte intelligente des d\u00e9chets"},"content":{"rendered":"\t\t<div data-elementor-type=\"wp-page\" data-elementor-id=\"3576\" class=\"elementor elementor-3576\">\n\t\t\t\t\t\t\t\t\t<section class=\"elementor-section elementor-top-section elementor-element elementor-element-197b795 elementor-section-boxed elementor-section-height-default elementor-section-height-default\" data-id=\"197b795\" data-element_type=\"section\">\n\t\t\t\t\t\t<div class=\"elementor-container elementor-column-gap-default\">\n\t\t\t\t\t<div class=\"elementor-column elementor-col-100 elementor-top-column elementor-element elementor-element-e80bdf0\" data-id=\"e80bdf0\" data-element_type=\"column\">\n\t\t\t<div class=\"elementor-widget-wrap elementor-element-populated\">\n\t\t\t\t\t\t\t\t<div class=\"elementor-element elementor-element-42d1089 elementor-widget elementor-widget-heading\" data-id=\"42d1089\" data-element_type=\"widget\" data-widget_type=\"heading.default\">\n\t\t\t\t<div class=\"elementor-widget-container\">\n\t\t\t<style>\/*! elementor - v3.14.0 - 26-06-2023 *\/\n.elementor-heading-title{padding:0;margin:0;line-height:1}.elementor-widget-heading .elementor-heading-title[class*=elementor-size-]>a{color:inherit;font-size:inherit;line-height:inherit}.elementor-widget-heading .elementor-heading-title.elementor-size-small{font-size:15px}.elementor-widget-heading .elementor-heading-title.elementor-size-medium{font-size:19px}.elementor-widget-heading .elementor-heading-title.elementor-size-large{font-size:29px}.elementor-widget-heading .elementor-heading-title.elementor-size-xl{font-size:39px}.elementor-widget-heading .elementor-heading-title.elementor-size-xxl{font-size:59px}<\/style><h2 class=\"elementor-heading-title elementor-size-default\">Collecte intelligente des d\u00e9chets<\/h2>\t\t<\/div>\n\t\t\t\t<\/div>\n\t\t\t\t<div class=\"elementor-element elementor-element-e96be2f elementor-widget elementor-widget-video\" data-id=\"e96be2f\" data-element_type=\"widget\" data-settings=\"{&quot;youtube_url&quot;:&quot;https:\\\/\\\/www.youtube.com\\\/watch?v=UZ677_67qwc&quot;,&quot;video_type&quot;:&quot;youtube&quot;,&quot;controls&quot;:&quot;yes&quot;}\" data-widget_type=\"video.default\">\n\t\t\t\t<div class=\"elementor-widget-container\">\n\t\t\t<style>\/*! elementor - v3.14.0 - 26-06-2023 *\/\n.elementor-widget-video .elementor-widget-container{overflow:hidden;transform:translateZ(0)}.elementor-widget-video .elementor-wrapper{aspect-ratio:var(--video-aspect-ratio)}.elementor-widget-video .elementor-wrapper iframe,.elementor-widget-video .elementor-wrapper video{height:100%;width:100%;display:flex;border:none;background-color:#000}@supports not (aspect-ratio:1\/1){.elementor-widget-video .elementor-wrapper{position:relative;overflow:hidden;height:0;padding-bottom:calc(100% \/ var(--video-aspect-ratio))}.elementor-widget-video .elementor-wrapper iframe,.elementor-widget-video .elementor-wrapper video{position:absolute;top:0;right:0;bottom:0;left:0}}.elementor-widget-video .elementor-open-inline .elementor-custom-embed-image-overlay{position:absolute;top:0;left:0;width:100%;height:100%;background-size:cover;background-position:50%}.elementor-widget-video .elementor-custom-embed-image-overlay{cursor:pointer;text-align:center}.elementor-widget-video .elementor-custom-embed-image-overlay:hover .elementor-custom-embed-play i{opacity:1}.elementor-widget-video .elementor-custom-embed-image-overlay img{display:block;width:100%}.elementor-widget-video .e-hosted-video .elementor-video{-o-object-fit:cover;object-fit:cover}.e-con-inner>.elementor-widget-video,.e-con>.elementor-widget-video{width:var(--container-widget-width);--flex-grow:var(--container-widget-flex-grow)}<\/style>\t\t<div class=\"elementor-wrapper elementor-open-inline\">\n\t\t\t<div class=\"elementor-video\"><\/div>\t\t<\/div>\n\t\t\t\t<\/div>\n\t\t\t\t<\/div>\n\t\t\t\t<div class=\"elementor-element elementor-element-2462173 elementor-widget elementor-widget-spacer\" data-id=\"2462173\" data-element_type=\"widget\" data-widget_type=\"spacer.default\">\n\t\t\t\t<div class=\"elementor-widget-container\">\n\t\t\t<style>\/*! elementor - v3.14.0 - 26-06-2023 *\/\n.elementor-column .elementor-spacer-inner{height:var(--spacer-size)}.e-con{--container-widget-width:100%}.e-con-inner>.elementor-widget-spacer,.e-con>.elementor-widget-spacer{width:var(--container-widget-width,var(--spacer-size));--align-self:var(--container-widget-align-self,initial);--flex-shrink:0}.e-con-inner>.elementor-widget-spacer>.elementor-widget-container,.e-con-inner>.elementor-widget-spacer>.elementor-widget-container>.elementor-spacer,.e-con>.elementor-widget-spacer>.elementor-widget-container,.e-con>.elementor-widget-spacer>.elementor-widget-container>.elementor-spacer{height:100%}.e-con-inner>.elementor-widget-spacer>.elementor-widget-container>.elementor-spacer>.elementor-spacer-inner,.e-con>.elementor-widget-spacer>.elementor-widget-container>.elementor-spacer>.elementor-spacer-inner{height:var(--container-widget-height,var(--spacer-size))}<\/style>\t\t<div class=\"elementor-spacer\">\n\t\t\t<div class=\"elementor-spacer-inner\"><\/div>\n\t\t<\/div>\n\t\t\t\t<\/div>\n\t\t\t\t<\/div>\n\t\t\t\t<div class=\"elementor-element elementor-element-72410c0 elementor-widget elementor-widget-text-editor\" data-id=\"72410c0\" data-element_type=\"widget\" data-widget_type=\"text-editor.default\">\n\t\t\t\t<div class=\"elementor-widget-container\">\n\t\t\t<style>\/*! elementor - v3.14.0 - 26-06-2023 *\/\n.elementor-widget-text-editor.elementor-drop-cap-view-stacked .elementor-drop-cap{background-color:#69727d;color:#fff}.elementor-widget-text-editor.elementor-drop-cap-view-framed .elementor-drop-cap{color:#69727d;border:3px solid;background-color:transparent}.elementor-widget-text-editor:not(.elementor-drop-cap-view-default) .elementor-drop-cap{margin-top:8px}.elementor-widget-text-editor:not(.elementor-drop-cap-view-default) .elementor-drop-cap-letter{width:1em;height:1em}.elementor-widget-text-editor .elementor-drop-cap{float:left;text-align:center;line-height:1;font-size:50px}.elementor-widget-text-editor .elementor-drop-cap-letter{display:inline-block}<\/style>\t\t\t\t<p style=\"font-family: 'Nunito Sans'; font-weight: 400; font-style: normal; font-size: 16px;\">La ville de Berkane a r\u00e9cemment adopt\u00e9 un syst\u00e8me de collecte intelligente des d\u00e9chets pour am\u00e9liorer l&#8217;efficacit\u00e9 de sa gestion des d\u00e9chets. Dans le cadre de cette initiative novatrice, des conteneurs de d\u00e9chets intelligents ont \u00e9t\u00e9 install\u00e9s dans diff\u00e9rents quartiers de la ville. Ces conteneurs sont \u00e9quip\u00e9s de capteurs avanc\u00e9s qui permettent de surveiller en temps r\u00e9el l&#8217;\u00e9tat de la collecte.<\/p><p style=\"font-family: 'Nunito Sans'; font-weight: 400; font-style: normal; font-size: 16px;\">Gr\u00e2ce aux capteurs int\u00e9gr\u00e9s, les conteneurs intelligents sont en mesure de d\u00e9tecter automatiquement leur niveau de remplissage. Cette technologie permet d&#8217;optimiser la planification des tourn\u00e9es de collecte en \u00e9vitant les trajets inutiles et en r\u00e9duisant les co\u00fbts associ\u00e9s. Lorsque le niveau de remplissage atteint un seuil pr\u00e9d\u00e9fini, les responsables de la collecte des d\u00e9chets sont imm\u00e9diatement inform\u00e9s, ce qui leur permet de programmer les interventions de collecte de mani\u00e8re plus efficace.<\/p><p style=\"font-family: 'Nunito Sans'; font-weight: 400; font-style: normal; font-size: 16px;\">En plus de simplifier la gestion des d\u00e9chets, cette collecte intelligente contribue \u00e0 am\u00e9liorer la propret\u00e9 de la ville. En garantissant une collecte r\u00e9guli\u00e8re, on r\u00e9duit les risques de dispersion des d\u00e9chets dans les rues, ce qui entra\u00eene une diminution des nuisances environnementales et une am\u00e9lioration de l&#8217;hygi\u00e8ne publique.<\/p><p style=\"font-family: 'Nunito Sans'; font-weight: 400; font-style: normal; font-size: 16px;\">Ce syst\u00e8me intelligent favorise la sensibilisation des citoyens \u00e0 l&#8217;importance de la gestion responsable des d\u00e9chets. Gr\u00e2ce aux informations en temps r\u00e9el sur l&#8217;\u00e9tat des conteneurs, les habitants de Berkane sont encourag\u00e9s \u00e0 adopter des comportements respectueux de l&#8217;environnement en \u00e9vitant de surcharger les conteneurs ou de jeter des d\u00e9chets inappropri\u00e9s. La collecte intelligente des d\u00e9chets incite ainsi \u00e0 une participation active des citoyens dans la pr\u00e9servation de leur environnement.<\/p><p style=\"font-family: 'Nunito Sans'; font-weight: 400; font-style: normal; font-size: 16px;\">En combinant technologie et responsabilit\u00e9 citoyenne, Berkane se positionne en tant que mod\u00e8le dans la promotion d&#8217;une gestion durable des d\u00e9chets, contribuant ainsi \u00e0 cr\u00e9er un environnement plus propre et plus sain pour ses habitants.<\/p>\t\t\t\t\t\t<\/div>\n\t\t\t\t<\/div>\n\t\t\t\t\t<\/div>\n\t\t<\/div>\n\t\t\t\t\t\t\t<\/div>\n\t\t<\/section>\n\t\t\t\t\t\t\t<\/div>\n\t\t","protected":false},"excerpt":{"rendered":"<p>Collecte intelligente des d\u00e9chets La ville de Berkane a r\u00e9cemment adopt\u00e9 un syst\u00e8me de collecte intelligente des d\u00e9chets pour am\u00e9liorer l&#8217;efficacit\u00e9 de sa gestion des d\u00e9chets. Dans le cadre de cette initiative novatrice, des conteneurs de d\u00e9chets intelligents ont \u00e9t\u00e9 install\u00e9s dans diff\u00e9rents quartiers de la ville. Ces conteneurs sont \u00e9quip\u00e9s de capteurs avanc\u00e9s qui [&hellip;]<\/p>\n","protected":false},"author":8,"featured_media":0,"parent":0,"menu_order":0,"comment_status":"closed","ping_status":"closed","template":"","meta":{"footnotes":""},"class_list":["post-3576","page","type-page","status-publish","hentry"],"_links":{"self":[{"href":"https:\/\/berkanewecan.ma\/fr\/wp-json\/wp\/v2\/pages\/3576","targetHints":{"allow":["GET"]}}],"collection":[{"href":"https:\/\/berkanewecan.ma\/fr\/wp-json\/wp\/v2\/pages"}],"about":[{"href":"https:\/\/berkanewecan.ma\/fr\/wp-json\/wp\/v2\/types\/page"}],"author":[{"embeddable":true,"href":"https:\/\/berkanewecan.ma\/fr\/wp-json\/wp\/v2\/users\/8"}],"replies":[{"embeddable":true,"href":"https:\/\/berkanewecan.ma\/fr\/wp-json\/wp\/v2\/comments?post=3576"}],"version-history":[{"count":0,"href":"https:\/\/berkanewecan.ma\/fr\/wp-json\/wp\/v2\/pages\/3576\/revisions"}],"wp:attachment":[{"href":"https:\/\/berkanewecan.ma\/fr\/wp-json\/wp\/v2\/media?parent=3576"}],"curies":[{"name":"wp","href":"https:\/\/api.w.org\/{rel}","templated":true}]}}