{"id":3592,"date":"2023-06-26T10:46:30","date_gmt":"2023-06-26T10:46:30","guid":{"rendered":"https:\/\/berkanewecan.ma\/?page_id=3592"},"modified":"2023-09-22T19:00:18","modified_gmt":"2023-09-22T19:00:18","slug":"gestion-du-trafic-routier","status":"publish","type":"page","link":"https:\/\/berkanewecan.ma\/fr\/gestion-du-trafic-routier\/","title":{"rendered":"Gestion du Trafic Routier"},"content":{"rendered":"\t\t<div data-elementor-type=\"wp-page\" data-elementor-id=\"3592\" class=\"elementor elementor-3592\">\n\t\t\t\t\t\t\t\t\t<section class=\"elementor-section elementor-top-section elementor-element elementor-element-a73962b elementor-section-boxed elementor-section-height-default elementor-section-height-default\" data-id=\"a73962b\" data-element_type=\"section\">\n\t\t\t\t\t\t<div class=\"elementor-container elementor-column-gap-default\">\n\t\t\t\t\t<div class=\"elementor-column elementor-col-100 elementor-top-column elementor-element elementor-element-bcdc7a6\" data-id=\"bcdc7a6\" data-element_type=\"column\">\n\t\t\t<div class=\"elementor-widget-wrap elementor-element-populated\">\n\t\t\t\t\t\t\t\t<div class=\"elementor-element elementor-element-d29255b elementor-widget elementor-widget-heading\" data-id=\"d29255b\" data-element_type=\"widget\" data-widget_type=\"heading.default\">\n\t\t\t\t<div class=\"elementor-widget-container\">\n\t\t\t<style>\/*! elementor - v3.14.0 - 26-06-2023 *\/\n.elementor-heading-title{padding:0;margin:0;line-height:1}.elementor-widget-heading .elementor-heading-title[class*=elementor-size-]>a{color:inherit;font-size:inherit;line-height:inherit}.elementor-widget-heading .elementor-heading-title.elementor-size-small{font-size:15px}.elementor-widget-heading .elementor-heading-title.elementor-size-medium{font-size:19px}.elementor-widget-heading .elementor-heading-title.elementor-size-large{font-size:29px}.elementor-widget-heading .elementor-heading-title.elementor-size-xl{font-size:39px}.elementor-widget-heading .elementor-heading-title.elementor-size-xxl{font-size:59px}<\/style><h2 class=\"elementor-heading-title elementor-size-default\">Gestion  du Trafic Routier<\/h2>\t\t<\/div>\n\t\t\t\t<\/div>\n\t\t\t\t\t<\/div>\n\t\t<\/div>\n\t\t\t\t\t\t\t<\/div>\n\t\t<\/section>\n\t\t\t\t<section class=\"elementor-section elementor-top-section elementor-element elementor-element-4632b7c elementor-section-boxed elementor-section-height-default elementor-section-height-default\" data-id=\"4632b7c\" data-element_type=\"section\">\n\t\t\t\t\t\t<div class=\"elementor-container elementor-column-gap-default\">\n\t\t\t\t\t<div class=\"elementor-column elementor-col-100 elementor-top-column elementor-element elementor-element-adae4a9\" data-id=\"adae4a9\" data-element_type=\"column\">\n\t\t\t<div class=\"elementor-widget-wrap elementor-element-populated\">\n\t\t\t\t\t\t\t\t<div class=\"elementor-element elementor-element-ae6937b elementor-widget elementor-widget-heading\" data-id=\"ae6937b\" data-element_type=\"widget\" data-widget_type=\"heading.default\">\n\t\t\t\t<div class=\"elementor-widget-container\">\n\t\t\t<h2 class=\"elementor-heading-title elementor-size-default\">Description du projet :\nBerkane Road Sense<\/h2>\t\t<\/div>\n\t\t\t\t<\/div>\n\t\t\t\t<div class=\"elementor-element elementor-element-299b365 elementor-widget elementor-widget-spacer\" data-id=\"299b365\" data-element_type=\"widget\" data-widget_type=\"spacer.default\">\n\t\t\t\t<div class=\"elementor-widget-container\">\n\t\t\t<style>\/*! elementor - v3.14.0 - 26-06-2023 *\/\n.elementor-column .elementor-spacer-inner{height:var(--spacer-size)}.e-con{--container-widget-width:100%}.e-con-inner>.elementor-widget-spacer,.e-con>.elementor-widget-spacer{width:var(--container-widget-width,var(--spacer-size));--align-self:var(--container-widget-align-self,initial);--flex-shrink:0}.e-con-inner>.elementor-widget-spacer>.elementor-widget-container,.e-con-inner>.elementor-widget-spacer>.elementor-widget-container>.elementor-spacer,.e-con>.elementor-widget-spacer>.elementor-widget-container,.e-con>.elementor-widget-spacer>.elementor-widget-container>.elementor-spacer{height:100%}.e-con-inner>.elementor-widget-spacer>.elementor-widget-container>.elementor-spacer>.elementor-spacer-inner,.e-con>.elementor-widget-spacer>.elementor-widget-container>.elementor-spacer>.elementor-spacer-inner{height:var(--container-widget-height,var(--spacer-size))}<\/style>\t\t<div class=\"elementor-spacer\">\n\t\t\t<div class=\"elementor-spacer-inner\"><\/div>\n\t\t<\/div>\n\t\t\t\t<\/div>\n\t\t\t\t<\/div>\n\t\t\t\t\t<\/div>\n\t\t<\/div>\n\t\t\t\t\t\t\t<\/div>\n\t\t<\/section>\n\t\t\t\t<section class=\"elementor-section elementor-top-section elementor-element elementor-element-a946bad elementor-section-boxed elementor-section-height-default elementor-section-height-default\" data-id=\"a946bad\" data-element_type=\"section\">\n\t\t\t\t\t\t<div class=\"elementor-container elementor-column-gap-default\">\n\t\t\t\t\t<div class=\"elementor-column elementor-col-100 elementor-top-column elementor-element elementor-element-a199502\" data-id=\"a199502\" data-element_type=\"column\">\n\t\t\t<div class=\"elementor-widget-wrap elementor-element-populated\">\n\t\t\t\t\t\t\t\t<div class=\"elementor-element elementor-element-9150f28 elementor-widget elementor-widget-image\" data-id=\"9150f28\" data-element_type=\"widget\" data-widget_type=\"image.default\">\n\t\t\t\t<div class=\"elementor-widget-container\">\n\t\t\t<style>\/*! elementor - v3.14.0 - 26-06-2023 *\/\n.elementor-widget-image{text-align:center}.elementor-widget-image a{display:inline-block}.elementor-widget-image a img[src$=\".svg\"]{width:48px}.elementor-widget-image img{vertical-align:middle;display:inline-block}<\/style>\t\t\t\t\t\t\t\t\t\t\t\t<img loading=\"lazy\" decoding=\"async\" width=\"1024\" height=\"523\" src=\"https:\/\/berkanewecan.ma\/wp-content\/uploads\/2023\/06\/WhatsApp-Image-2023-06-27-at-12.10.16-1024x523.jpeg\" class=\"attachment-large size-large wp-image-4031\" alt=\"\" srcset=\"https:\/\/berkanewecan.ma\/wp-content\/uploads\/2023\/06\/WhatsApp-Image-2023-06-27-at-12.10.16-1024x523.jpeg 1024w, https:\/\/berkanewecan.ma\/wp-content\/uploads\/2023\/06\/WhatsApp-Image-2023-06-27-at-12.10.16-300x153.jpeg 300w, https:\/\/berkanewecan.ma\/wp-content\/uploads\/2023\/06\/WhatsApp-Image-2023-06-27-at-12.10.16-768x392.jpeg 768w, https:\/\/berkanewecan.ma\/wp-content\/uploads\/2023\/06\/WhatsApp-Image-2023-06-27-at-12.10.16-18x9.jpeg 18w, https:\/\/berkanewecan.ma\/wp-content\/uploads\/2023\/06\/WhatsApp-Image-2023-06-27-at-12.10.16.jpeg 750w\" sizes=\"auto, (max-width: 1024px) 100vw, 1024px\" \/>\t\t\t\t\t\t\t\t\t\t\t\t\t\t\t<\/div>\n\t\t\t\t<\/div>\n\t\t\t\t<div class=\"elementor-element elementor-element-5be1d70 elementor-widget elementor-widget-spacer\" data-id=\"5be1d70\" data-element_type=\"widget\" data-widget_type=\"spacer.default\">\n\t\t\t\t<div class=\"elementor-widget-container\">\n\t\t\t\t\t<div class=\"elementor-spacer\">\n\t\t\t<div class=\"elementor-spacer-inner\"><\/div>\n\t\t<\/div>\n\t\t\t\t<\/div>\n\t\t\t\t<\/div>\n\t\t\t\t<div class=\"elementor-element elementor-element-b714133 elementor-widget elementor-widget-text-editor\" data-id=\"b714133\" data-element_type=\"widget\" data-widget_type=\"text-editor.default\">\n\t\t\t\t<div class=\"elementor-widget-container\">\n\t\t\t<style>\/*! elementor - v3.14.0 - 26-06-2023 *\/\n.elementor-widget-text-editor.elementor-drop-cap-view-stacked .elementor-drop-cap{background-color:#69727d;color:#fff}.elementor-widget-text-editor.elementor-drop-cap-view-framed .elementor-drop-cap{color:#69727d;border:3px solid;background-color:transparent}.elementor-widget-text-editor:not(.elementor-drop-cap-view-default) .elementor-drop-cap{margin-top:8px}.elementor-widget-text-editor:not(.elementor-drop-cap-view-default) .elementor-drop-cap-letter{width:1em;height:1em}.elementor-widget-text-editor .elementor-drop-cap{float:left;text-align:center;line-height:1;font-size:50px}.elementor-widget-text-editor .elementor-drop-cap-letter{display:inline-block}<\/style>\t\t\t\t<h2 style=\"text-indent: .5in;\">\u00a0<\/h2><p>L&#8217;objectif du projet Berkane Road Sense est de surveiller et d&#8217;analyser activement les sch\u00e9mas de circulation dans la ville de Berkane. L&#8217;objectif principal repose sur la collecte de donn\u00e9es et d&#8217;informations compl\u00e8tes concernant le mouvement des v\u00e9hicules, ce qui permet de mieux comprendre la dynamique du flux de trafic. En outre, la solution utilise des repr\u00e9sentations visuelles telles que des graphiques pour fournir un aper\u00e7u visuel de la situation du trafic dans un intervalle de temps donn\u00e9. Toutes les informations sont conserv\u00e9es dans une base de donn\u00e9es en vue d&#8217;une analyse et d&#8217;une \u00e9valuation ult\u00e9rieures.<\/p>\t\t\t\t\t\t<\/div>\n\t\t\t\t<\/div>\n\t\t\t\t<div class=\"elementor-element elementor-element-3d19c42 elementor-widget elementor-widget-text-editor\" data-id=\"3d19c42\" data-element_type=\"widget\" data-widget_type=\"text-editor.default\">\n\t\t\t\t<div class=\"elementor-widget-container\">\n\t\t\t\t\t\t\t<p>Cette solution s&#8217;inscrit dans le cadre du projet Digital Twin. L&#8217;objectif est de transf\u00e9rer activement le flux de trafic vers le jumeau num\u00e9rique afin de permettre une repr\u00e9sentation num\u00e9rique de la ville en temps r\u00e9el.<\/p>\t\t\t\t\t\t<\/div>\n\t\t\t\t<\/div>\n\t\t\t\t<div class=\"elementor-element elementor-element-f4adf60 elementor-widget elementor-widget-text-editor\" data-id=\"f4adf60\" data-element_type=\"widget\" data-widget_type=\"text-editor.default\">\n\t\t\t\t<div class=\"elementor-widget-container\">\n\t\t\t\t\t\t\t\t\t\t\t\t\t<\/div>\n\t\t\t\t<\/div>\n\t\t\t\t\t<\/div>\n\t\t<\/div>\n\t\t\t\t\t\t\t<\/div>\n\t\t<\/section>\n\t\t\t\t<section class=\"elementor-section elementor-top-section elementor-element elementor-element-e10cdcb elementor-section-boxed elementor-section-height-default elementor-section-height-default\" data-id=\"e10cdcb\" data-element_type=\"section\">\n\t\t\t\t\t\t<div class=\"elementor-container elementor-column-gap-default\">\n\t\t\t\t\t<div class=\"elementor-column elementor-col-100 elementor-top-column elementor-element elementor-element-35b086a\" data-id=\"35b086a\" data-element_type=\"column\">\n\t\t\t<div class=\"elementor-widget-wrap elementor-element-populated\">\n\t\t\t\t\t\t\t\t<div class=\"elementor-element elementor-element-3863b04 elementor-widget elementor-widget-text-editor\" data-id=\"3863b04\" data-element_type=\"widget\" data-widget_type=\"text-editor.default\">\n\t\t\t\t<div class=\"elementor-widget-container\">\n\t\t\t\t\t\t\t\t\t\t\t\t\t<\/div>\n\t\t\t\t<\/div>\n\t\t\t\t\t<\/div>\n\t\t<\/div>\n\t\t\t\t\t\t\t<\/div>\n\t\t<\/section>\n\t\t\t\t\t\t\t<\/div>\n\t\t","protected":false},"excerpt":{"rendered":"<p>Gestion du Trafic Routier Description du projet : Berkane Road Sense \u00a0 L&#8217;objectif du projet Berkane Road Sense est de surveiller et d&#8217;analyser activement les sch\u00e9mas de circulation dans la ville de Berkane. L&#8217;objectif principal repose sur la collecte de donn\u00e9es et d&#8217;informations compl\u00e8tes concernant le mouvement des v\u00e9hicules, ce qui permet de mieux comprendre [&hellip;]<\/p>\n","protected":false},"author":8,"featured_media":0,"parent":0,"menu_order":0,"comment_status":"closed","ping_status":"closed","template":"","meta":{"footnotes":""},"class_list":["post-3592","page","type-page","status-publish","hentry"],"_links":{"self":[{"href":"https:\/\/berkanewecan.ma\/fr\/wp-json\/wp\/v2\/pages\/3592","targetHints":{"allow":["GET"]}}],"collection":[{"href":"https:\/\/berkanewecan.ma\/fr\/wp-json\/wp\/v2\/pages"}],"about":[{"href":"https:\/\/berkanewecan.ma\/fr\/wp-json\/wp\/v2\/types\/page"}],"author":[{"embeddable":true,"href":"https:\/\/berkanewecan.ma\/fr\/wp-json\/wp\/v2\/users\/8"}],"replies":[{"embeddable":true,"href":"https:\/\/berkanewecan.ma\/fr\/wp-json\/wp\/v2\/comments?post=3592"}],"version-history":[{"count":0,"href":"https:\/\/berkanewecan.ma\/fr\/wp-json\/wp\/v2\/pages\/3592\/revisions"}],"wp:attachment":[{"href":"https:\/\/berkanewecan.ma\/fr\/wp-json\/wp\/v2\/media?parent=3592"}],"curies":[{"name":"wp","href":"https:\/\/api.w.org\/{rel}","templated":true}]}}