{"id":3900,"date":"2023-06-27T08:53:11","date_gmt":"2023-06-27T08:53:11","guid":{"rendered":"https:\/\/berkanewecan.ma\/?page_id=3900"},"modified":"2023-11-30T15:05:59","modified_gmt":"2023-11-30T15:05:59","slug":"culture","status":"publish","type":"page","link":"https:\/\/berkanewecan.ma\/fr\/culture\/","title":{"rendered":"Culture"},"content":{"rendered":"<div class=\"em em-view-container\" id=\"em-view-928873248\" data-view=\"event\">\r\n\t<div class=\"em wgl_themes em-item em-item-single em-event em-event-single em-event-25 \" id=\"em-event-928873248\" data-view-id=\"928873248\">\r\n\t\t\t<\/div>\r\n<\/div>\r\n\t","protected":false},"excerpt":{"rendered":"<p>d\u00e9cembre 14, 2023 &#8211; d\u00e9cembre 21, 2023 @ 12:00 am &#8211; Toute forme d&#8217;art est une source de renseignement sur la vie, la pens\u00e9e et la sensibilit\u00e9 des hommes qui le cr\u00e9e. Le patrimoine culturel de la r\u00e9gion de l&#8217;oriental s&#8217;est impr\u00e9gn\u00e9 au cours de son histoire de traditions h\u00e9rit\u00e9es des diff\u00e9rentes civilisations qui s&#8217;y sont relay\u00e9es. Artisanat Chants, musiques et danses traditionnelles\u200b Moussems et f\u00eates [&#8230;]<\/p>\n","protected":false},"author":8,"featured_media":9030,"parent":0,"menu_order":0,"comment_status":"closed","ping_status":"closed","template":"","meta":{"footnotes":""},"class_list":["post-3900","page","type-page","status-publish","has-post-thumbnail","hentry"],"_links":{"self":[{"href":"https:\/\/berkanewecan.ma\/fr\/wp-json\/wp\/v2\/pages\/3900","targetHints":{"allow":["GET"]}}],"collection":[{"href":"https:\/\/berkanewecan.ma\/fr\/wp-json\/wp\/v2\/pages"}],"about":[{"href":"https:\/\/berkanewecan.ma\/fr\/wp-json\/wp\/v2\/types\/page"}],"author":[{"embeddable":true,"href":"https:\/\/berkanewecan.ma\/fr\/wp-json\/wp\/v2\/users\/8"}],"replies":[{"embeddable":true,"href":"https:\/\/berkanewecan.ma\/fr\/wp-json\/wp\/v2\/comments?post=3900"}],"version-history":[{"count":0,"href":"https:\/\/berkanewecan.ma\/fr\/wp-json\/wp\/v2\/pages\/3900\/revisions"}],"wp:featuredmedia":[{"embeddable":true,"href":"https:\/\/berkanewecan.ma\/fr\/wp-json\/wp\/v2\/media\/9030"}],"wp:attachment":[{"href":"https:\/\/berkanewecan.ma\/fr\/wp-json\/wp\/v2\/media?parent=3900"}],"curies":[{"name":"wp","href":"https:\/\/api.w.org\/{rel}","templated":true}]}}